{"id":12179,"date":"2011-01-19T17:35:19","date_gmt":"2011-01-19T16:35:19","guid":{"rendered":"https:\/\/www.gml.si\/short-history-of-the-lendava-castle\/"},"modified":"2024-06-15T12:12:57","modified_gmt":"2024-06-15T10:12:57","slug":"short-history-of-the-lendava-castle","status":"publish","type":"page","link":"https:\/\/www.gml.si\/en\/short-history-of-the-lendava-castle\/","title":{"rendered":"SHORT HISTORY OF THE LENDAVA CASTLE"},"content":{"rendered":"<div id=\"attachment_7535\" style=\"width: 215px\" class=\"wp-caption alignleft\"><a href=\"http:\/\/www.gml.si\/wp-content\/uploads\/2011\/01\/01_zgodovina_gradu_banffy_cimer.png\" data-lbwps-width=\"205\" data-lbwps-height=\"222\" data-lbwps-srcsmall=\"https:\/\/www.gml.si\/wp-content\/uploads\/2011\/01\/01_zgodovina_gradu_banffy_cimer.png\" data-lbwps-caption=\"Grb dru\u017eine B\u00e1nffy. Slika iz arhiva Mad\u017earske dr\u017eavne knji\u017enice Sz\u00e9chenyi (Budimpe\u0161ta, Mad\u017earska) \u2022 A B\u00e1nffy csal\u00e1d c\u00edmere. A Sz\u00e9chenyi K\u00f6nyvt\u00e1r arch\u00edvum\u00e1b\u00f3l. \u2022 Lendava&amp;#8217;s castle in the XVII. century\"><img loading=\"lazy\" decoding=\"async\" aria-describedby=\"caption-attachment-7535\" class=\"wp-image-7535 size-full\" title=\"01_zgodovina_gradu_banffy_cimer\" src=\"http:\/\/www.gml.si\/wp-content\/uploads\/2011\/01\/01_zgodovina_gradu_banffy_cimer.png\" alt=\"Grb dru\u017eine B\u00e1nffy \u2022 A B\u00e1nffy csal\u00e1d c\u00edmere \u2022 B\u00e1nffy family's hatchment\" width=\"205\" height=\"222\" \/><\/a><p id=\"caption-attachment-7535\" class=\"wp-caption-text\">B\u00e1nffy family coat of arms. Photo from the archives of the Hungarian National Sz\u00e9chenyi Library (Budapest, Hungary)<\/p><\/div>\n<p>Originally built in the 12<sup>th<\/sup> century as a fortification on the hill above the Lendava River, near the contemporary border with Hungary, the Lendava Castle is one of the most important historic monuments in the region<\/p>\n<p>The castle was in past centuries many times entirely restored and rebuilt.<\/p>\n<p>The present-day Baroque appearance of the castle dates from 1690\u20131707, following the withdrawal of the Turks from the area, when the Esterh\u00e1zys had it rebuilt to form an L-shaped building as a sign of their loyalty to the Emperor Leopold I. The castle became a show piece of Baroque architecture, and remained in the hands of the Esterh\u00e1zy family until World War I.<\/p>\n<p><strong>SHORT HISTORY<\/strong><\/p>\n<p>The castle is first mentioned in the records in 1192 as a property of the Hungarian noble family B\u00e1nffy and was theirs until the middle of the 17<sup>th<\/sup> century, when it fell to the N\u00e1dasdy family for a short period, and in the 18<sup>th<\/sup> century came under the management of the Eszterh\u00e1zy family. Today it is a massive two-storey building with a mansard roof overlooking the town of Lendava-Lendva. The walls are supported by massive buttresses and the south-west fa\u00e7ade is emphasised with a central tower<\/p>\n<div id=\"attachment_270\" style=\"width: 630px\" class=\"wp-caption aligncenter\"><a href=\"https:\/\/www.gml.si\/wp-content\/uploads\/2011\/01\/01_zgodovina_gradu_alsolinda1.jpg\" data-lbwps-width=\"620\" data-lbwps-height=\"431\" data-lbwps-srcsmall=\"https:\/\/www.gml.si\/wp-content\/uploads\/2011\/01\/01_zgodovina_gradu_alsolinda1.jpg\" data-lbwps-caption=\"Grad Doljne Lendave v XVII. st. na bakrorezu neznanega avtorja \u2022 Als\u00f3lendva v\u00e1ra egy XVII. sz. metszeten (ismeretlen szerz\u0151 munk\u00e1ja) \u2022 Lendava&amp;#8217;s castle in the 17th century\"><img loading=\"lazy\" decoding=\"async\" aria-describedby=\"caption-attachment-270\" class=\" wp-image-7537    \" title=\"Grad Doljne Lendave v XVII. stoletju \u2022 Als\u00f3lendva v\u00e1ra egy XVII. sz. metszeten \u2022 Lendava's castle in the 17th century\" src=\"https:\/\/www.gml.si\/wp-content\/uploads\/2011\/01\/01_zgodovina_gradu_alsolinda1.jpg\" alt=\"Grad Doljne Lendave v XVII. stoletju \u2022 Als\u00f3lendva v\u00e1ra egy XVII. sz. metszeten \u2022 Lendava's castle in the 17th century\" width=\"620\" height=\"431\" srcset=\"https:\/\/www.gml.si\/wp-content\/uploads\/2011\/01\/01_zgodovina_gradu_alsolinda1.jpg 630w, https:\/\/www.gml.si\/wp-content\/uploads\/2011\/01\/01_zgodovina_gradu_alsolinda1-300x208.jpg 300w\" sizes=\"auto, (max-width: 620px) 100vw, 620px\" \/><\/a><p id=\"caption-attachment-270\" class=\"wp-caption-text\">Lower Lendava Castle in XVII. st. on copper engraving by an unknown author<\/p><\/div>\n<p>Since 1973 the castle houses the <strong>Lendava-Lendva Gallery and Museum<\/strong> and each year it hosts a restoration workshop as well as the artists from the Lendava-Lendva International Fine Arts Colony and the LindArt International Fine Arts Colony.<\/p>\n<hr \/>\n<h2>LENDAVA CASTLE ON OLD POSTCARDS<\/h2>\n<p><a href=\"http:\/\/www.gml.si\/wp-content\/uploads\/2011\/01\/01_zgodovina_gradu_stara_razglednica_04.jpg\" data-lbwps-width=\"468\" data-lbwps-height=\"700\" data-lbwps-srcsmall=\"https:\/\/www.gml.si\/wp-content\/uploads\/2011\/01\/01_zgodovina_gradu_stara_razglednica_04-334x500.jpg\"><img loading=\"lazy\" decoding=\"async\" class=\"img-galerija alignnone size-thumbnail wp-image-328\" title=\"Lendavski grad na stari razglednici (1905) \u2022 A lendvai v\u00e1r egy r\u00e9gi k\u00e9peslapon (1905) \u2022 Lendava's castle on an old postcard (1905)\" src=\"http:\/\/www.gml.si\/wp-content\/uploads\/2011\/01\/01_zgodovina_gradu_stara_razglednica_04-120x120.jpg\" alt=\"Lendavski grad na stari razglednici (1905) \u2022 A lendvai v\u00e1r egy r\u00e9gi k\u00e9peslapon (1905) \u2022 Lendava's castle on an old postcard (1905)\" width=\"120\" height=\"120\" \/><\/a> <a href=\"http:\/\/www.gml.si\/wp-content\/uploads\/2011\/01\/01_zgodovina_gradu_stara_razglednica_06.jpg\" data-lbwps-width=\"750\" data-lbwps-height=\"497\" data-lbwps-srcsmall=\"https:\/\/www.gml.si\/wp-content\/uploads\/2011\/01\/01_zgodovina_gradu_stara_razglednica_06-500x331.jpg\"><img loading=\"lazy\" decoding=\"async\" class=\"img-galerija alignnone size-thumbnail wp-image-330\" title=\"Lendavska panorama (iz za\u010detka XX. st.) \u2022 Als\u00f3lendvai panor\u00e1ma (XX. sz. eleje) \u2022 Panorama view of Lendava (early 20th century)\" src=\"http:\/\/www.gml.si\/wp-content\/uploads\/2011\/01\/01_zgodovina_gradu_stara_razglednica_06-120x120.jpg\" alt=\"Lendavska panorama (iz za\u010detka XX. st.) \u2022 Als\u00f3lendvai panor\u00e1ma (XX. sz. eleje) \u2022 Panorama view of Lendava (early 20th century)\" width=\"120\" height=\"120\" \/><\/a> <a href=\"http:\/\/www.gml.si\/wp-content\/uploads\/2011\/01\/01_zgodovina_gradu_stara_razglednica_01.jpg\" data-lbwps-width=\"800\" data-lbwps-height=\"525\" data-lbwps-srcsmall=\"https:\/\/www.gml.si\/wp-content\/uploads\/2011\/01\/01_zgodovina_gradu_stara_razglednica_01-500x328.jpg\"><img loading=\"lazy\" decoding=\"async\" class=\"img-galerija alignnone size-thumbnail wp-image-325\" title=\"Lendavski grad na stari razglednici (iz prve polovice XX. stoletja) \u2022 A lendvai v\u00e1r egy r\u00e9gi k\u00e9peslapon (XX. sz. els\u0151 fel\u00e9b\u0151l) \u2022 Lendava's castle on an old postcard (early 20th century)\" src=\"http:\/\/www.gml.si\/wp-content\/uploads\/2011\/01\/01_zgodovina_gradu_stara_razglednica_01-120x120.jpg\" alt=\"Lendavski grad na stari razglednici (iz prve polovice XX. stoletja) \u2022 A lendvai v\u00e1r egy r\u00e9gi k\u00e9peslapon (XX. sz. els\u0151 fel\u00e9b\u0151l) \u2022 Lendava's castle on an old postcard (early 20th century)\" width=\"120\" height=\"120\" \/><\/a> <a href=\"http:\/\/www.gml.si\/wp-content\/uploads\/2011\/01\/01_zgodovina_gradu_stara_razglednica_02.jpg\" data-lbwps-width=\"800\" data-lbwps-height=\"518\" data-lbwps-srcsmall=\"https:\/\/www.gml.si\/wp-content\/uploads\/2011\/01\/01_zgodovina_gradu_stara_razglednica_02-500x323.jpg\"><img loading=\"lazy\" decoding=\"async\" class=\"img-galerija alignnone size-thumbnail wp-image-326\" title=\"Lendavski grad na stari razglednici (iz prve polovice XX. stoletja) \u2022 A lendvai v\u00e1r egy r\u00e9gi k\u00e9peslapon (XX. sz. els\u0151 fel\u00e9b\u0151l) \u2022 Lendava's castle on an old postcard (early 20th century)\" src=\"http:\/\/www.gml.si\/wp-content\/uploads\/2011\/01\/01_zgodovina_gradu_stara_razglednica_02-120x120.jpg\" alt=\"Lendavski grad na stari razglednici (iz prve polovice XX. stoletja) \u2022 A lendvai v\u00e1r egy r\u00e9gi k\u00e9peslapon (XX. sz. els\u0151 fel\u00e9b\u0151l) \u2022 Lendava's castle on an old postcard (early 20th century)\" width=\"120\" height=\"120\" \/><\/a> <a href=\"http:\/\/www.gml.si\/wp-content\/uploads\/2011\/01\/01_zgodovina_gradu_stara_razglednica_07.jpg\" data-lbwps-width=\"750\" data-lbwps-height=\"496\" data-lbwps-srcsmall=\"https:\/\/www.gml.si\/wp-content\/uploads\/2011\/01\/01_zgodovina_gradu_stara_razglednica_07-500x330.jpg\"><img loading=\"lazy\" decoding=\"async\" class=\"img-galerija alignnone size-thumbnail wp-image-331\" title=\"Lendavska panorama (iz za\u010detka XX. st.) \u2022 Als\u00f3lendvai panor\u00e1ma (XX. sz. eleje) \u2022 Panorama view of Lendava (early 20th century)\" src=\"http:\/\/www.gml.si\/wp-content\/uploads\/2011\/01\/01_zgodovina_gradu_stara_razglednica_07-120x120.jpg\" alt=\"Lendavska panorama (iz za\u010detka XX. st.) \u2022 Als\u00f3lendvai panor\u00e1ma (XX. sz. eleje) \u2022 Panorama view of Lendava (early 20th century)\" width=\"120\" height=\"120\" \/><\/a> <a href=\"http:\/\/www.gml.si\/wp-content\/uploads\/2011\/01\/01_zgodovina_gradu_stara_razglednica_03.jpg\" data-lbwps-width=\"460\" data-lbwps-height=\"700\" data-lbwps-srcsmall=\"https:\/\/www.gml.si\/wp-content\/uploads\/2011\/01\/01_zgodovina_gradu_stara_razglednica_03-328x500.jpg\"><img loading=\"lazy\" decoding=\"async\" class=\"img-galerija alignnone size-thumbnail wp-image-327\" title=\"Lendavski grad na stari razglednici (1935) \u2022 A lendvai v\u00e1r egy r\u00e9gi k\u00e9peslapon (1935) \u2022 Lendava's castle on an old postcard (1935)\" src=\"http:\/\/www.gml.si\/wp-content\/uploads\/2011\/01\/01_zgodovina_gradu_stara_razglednica_03-120x120.jpg\" alt=\"Lendavski grad na stari razglednici (1935) \u2022 A lendvai v\u00e1r egy r\u00e9gi k\u00e9peslapon (1935) \u2022 Lendava's castle on an old postcard (1935)\" width=\"120\" height=\"120\" \/><\/a> <a href=\"http:\/\/www.gml.si\/wp-content\/uploads\/2011\/01\/01_zgodovina_gradu_stara_razglednica_05.jpg\" data-lbwps-width=\"750\" data-lbwps-height=\"497\" data-lbwps-srcsmall=\"https:\/\/www.gml.si\/wp-content\/uploads\/2011\/01\/01_zgodovina_gradu_stara_razglednica_05-500x331.jpg\"><img loading=\"lazy\" decoding=\"async\" class=\"img-galerija alignnone size-thumbnail wp-image-329\" title=\"Stolpaste arkade s pogledom na dvori\u0161\u010de (iz prve polovice XX. stoletja) \u2022 A v\u00e1rudvar \u00e1rk\u00e1dsora (a XX. sz. els\u0151 fel\u00e9b\u0151l) \u2022 The castle's garden (early 20th century)\" src=\"http:\/\/www.gml.si\/wp-content\/uploads\/2011\/01\/01_zgodovina_gradu_stara_razglednica_05-120x120.jpg\" alt=\"Stolpaste arkade s pogledom na dvori\u0161\u010de (iz prve polovice XX. stoletja) \u2022 A v\u00e1rudvar \u00e1rk\u00e1dsora (a XX. sz. els\u0151 fel\u00e9b\u0151l) \u2022 The castle's garden (early 20th century)\" width=\"120\" height=\"120\" \/><\/a> <a href=\"http:\/\/www.gml.si\/wp-content\/uploads\/2011\/01\/01_zgodovina_gradu_stara_razglednica_09.jpg\" data-lbwps-width=\"700\" data-lbwps-height=\"501\" data-lbwps-srcsmall=\"https:\/\/www.gml.si\/wp-content\/uploads\/2011\/01\/01_zgodovina_gradu_stara_razglednica_09-500x357.jpg\"><img loading=\"lazy\" decoding=\"async\" class=\"img-galerija alignnone size-thumbnail wp-image-333\" title=\"Lendava (druga polovica XX. st.) \u2022 Lendva (XX. sz. m\u00e1sodik fele) \u2022 View of Lendava (second half of 20th century)\" src=\"http:\/\/www.gml.si\/wp-content\/uploads\/2011\/01\/01_zgodovina_gradu_stara_razglednica_09-120x120.jpg\" alt=\"Lendava (druga polovica XX. st.) \u2022 Lendva (XX. sz. m\u00e1sodik fele) \u2022 View of Lendava (second half of 20th century)\" width=\"120\" height=\"120\" \/><\/a><\/p>\n<hr \/>\n<h2>LENDAVA CASTLE TODAY<\/h2>\n<p><a href=\"http:\/\/www.gml.si\/wp-content\/uploads\/2011\/01\/01_zgodovina_gradu_Var1_Lendva_panorama1.jpg\" data-lbwps-width=\"750\" data-lbwps-height=\"489\" data-lbwps-srcsmall=\"https:\/\/www.gml.si\/wp-content\/uploads\/2011\/01\/01_zgodovina_gradu_Var1_Lendva_panorama1-500x326.jpg\"><img loading=\"lazy\" decoding=\"async\" class=\"img-galerija alignnone size-thumbnail wp-image-405\" title=\"Panorama Lendava \u2022 Lendvai panor\u00e1ma \u2022 Panorama view of Lendava\" src=\"http:\/\/www.gml.si\/wp-content\/uploads\/2011\/01\/01_zgodovina_gradu_Var1_Lendva_panorama1-120x120.jpg\" alt=\"Panorama Lendava \u2022 Lendvai panor\u00e1ma \u2022 Panorama view of Lendava\" width=\"120\" height=\"120\" \/><\/a> <a href=\"http:\/\/www.gml.si\/wp-content\/uploads\/2011\/01\/01_zgodovina_gradu_Var2_templom.jpg\" data-lbwps-width=\"491\" data-lbwps-height=\"600\" data-lbwps-srcsmall=\"https:\/\/www.gml.si\/wp-content\/uploads\/2011\/01\/01_zgodovina_gradu_Var2_templom-409x500.jpg\"><img loading=\"lazy\" decoding=\"async\" class=\"img-galerija alignnone size-thumbnail wp-image-406\" title=\"Lendavski grad in cerkev sv. Katarine \u2022 A lendvai v\u00e1r \u00e9s a Szt. Katalin Templom \u2022 Lendava's castle and the church of St. Catharine (in front)\" src=\"http:\/\/www.gml.si\/wp-content\/uploads\/2011\/01\/01_zgodovina_gradu_Var2_templom-120x120.jpg\" alt=\"Lendavski grad in cerkev sv. Katarine \u2022 A lendvai v\u00e1r \u00e9s a Szt. Katalin Templom \u2022 Lendava's castle and the church of St. Catharine (in front)\" width=\"120\" height=\"120\" \/><\/a> <a href=\"http:\/\/www.gml.si\/wp-content\/uploads\/2011\/01\/01_zgodovina_gradu_Var3_udvar.jpg\" data-lbwps-width=\"750\" data-lbwps-height=\"563\" data-lbwps-srcsmall=\"https:\/\/www.gml.si\/wp-content\/uploads\/2011\/01\/01_zgodovina_gradu_Var3_udvar-500x375.jpg\"><img loading=\"lazy\" decoding=\"async\" class=\"img-galerija alignnone size-thumbnail wp-image-407\" title=\"Grajsko dvori\u0161\u010de \u2022 A v\u00e1ri udvar \u2022 The castle's court\" src=\"http:\/\/www.gml.si\/wp-content\/uploads\/2011\/01\/01_zgodovina_gradu_Var3_udvar-120x120.jpg\" alt=\"Grajsko dvori\u0161\u010de \u2022 A v\u00e1ri udvar \u2022 The castle's court\" width=\"120\" height=\"120\" \/><\/a> <a href=\"http:\/\/www.gml.si\/wp-content\/uploads\/2011\/01\/01_zgodovina_gradu_Var4.jpg\" data-lbwps-width=\"750\" data-lbwps-height=\"490\" data-lbwps-srcsmall=\"https:\/\/www.gml.si\/wp-content\/uploads\/2011\/01\/01_zgodovina_gradu_Var4-500x326.jpg\"><img loading=\"lazy\" decoding=\"async\" class=\"img-galerija alignnone size-thumbnail wp-image-408\" title=\"Lendavski grad \u2022 A lendvai v\u00e1r \u2022 Lendava's castle\" src=\"http:\/\/www.gml.si\/wp-content\/uploads\/2011\/01\/01_zgodovina_gradu_Var4-120x120.jpg\" alt=\"Lendavski grad \u2022 A lendvai v\u00e1r \u2022 Lendava's castle\" width=\"120\" height=\"120\" \/><\/a> <a href=\"http:\/\/www.gml.si\/wp-content\/uploads\/2011\/01\/01_zgodovina_gradu_Var5_Lendva_panorama1.jpg\" data-lbwps-width=\"750\" data-lbwps-height=\"563\" data-lbwps-srcsmall=\"https:\/\/www.gml.si\/wp-content\/uploads\/2011\/01\/01_zgodovina_gradu_Var5_Lendva_panorama1-500x375.jpg\"><img loading=\"lazy\" decoding=\"async\" class=\"img-galerija alignnone size-thumbnail wp-image-409\" title=\"Panorama Lendava \u2022 Lendvai panor\u00e1ma \u2022 Panorama view of Lendava\" src=\"http:\/\/www.gml.si\/wp-content\/uploads\/2011\/01\/01_zgodovina_gradu_Var5_Lendva_panorama1-120x120.jpg\" alt=\"Panorama Lendava \u2022 Lendvai panor\u00e1ma \u2022 Panorama view of Lendava\" width=\"120\" height=\"120\" \/><\/a> <a href=\"http:\/\/www.gml.si\/wp-content\/uploads\/2011\/01\/01_zgodovina_gradu_Var6.jpg\" data-lbwps-width=\"750\" data-lbwps-height=\"563\" data-lbwps-srcsmall=\"https:\/\/www.gml.si\/wp-content\/uploads\/2011\/01\/01_zgodovina_gradu_Var6-500x375.jpg\"><img loading=\"lazy\" decoding=\"async\" class=\"img-galerija alignnone size-thumbnail wp-image-410\" title=\"Lendavski grad \u2022 A lendvai v\u00e1r \u2022 Lendava's castle\" src=\"http:\/\/www.gml.si\/wp-content\/uploads\/2011\/01\/01_zgodovina_gradu_Var6-120x120.jpg\" alt=\"Lendavski grad \u2022 A lendvai v\u00e1r \u2022 Lendava's castle\" width=\"120\" height=\"120\" \/><\/a> <a href=\"http:\/\/www.gml.si\/wp-content\/uploads\/2011\/01\/01_zgodovina_gradu_Var7_kiallitoterem21.jpg\" data-lbwps-width=\"750\" data-lbwps-height=\"563\" data-lbwps-srcsmall=\"https:\/\/www.gml.si\/wp-content\/uploads\/2011\/01\/01_zgodovina_gradu_Var7_kiallitoterem21-500x375.jpg\"><img loading=\"lazy\" decoding=\"async\" class=\"img-galerija alignnone size-thumbnail wp-image-411\" title=\"Razstavni prostor \u2022 Kiall\u00edt\u00f3terem \u2022 The exhibition room\" src=\"http:\/\/www.gml.si\/wp-content\/uploads\/2011\/01\/01_zgodovina_gradu_Var7_kiallitoterem21-120x120.jpg\" alt=\"Razstavni prostor \u2022 Kiall\u00edt\u00f3terem \u2022 The exhibition room\" width=\"120\" height=\"120\" \/><\/a><\/p>\n<hr \/>\n<h2>VIDEO PRESENTATION<\/h2>\n<p><iframe loading=\"lazy\" src=\"https:\/\/www.youtube.com\/embed\/PgKLN75bq3s\" width=\"640\" height=\"360\" frameborder=\"0\" allowfullscreen=\"allowfullscreen\"><\/iframe><\/p>\n<hr \/>\n<h2>LEGENDS CONNECTED WITH LENDAVA CASTLE<\/h2>\n<p><iframe loading=\"lazy\" src=\"http:\/\/www.youtube.com\/embed\/clCvIOSUVkc\" width=\"640\" height=\"360\" frameborder=\"0\"><\/iframe><\/p>\n","protected":false},"excerpt":{"rendered":"<p>Originally built in the 12th century as a fortification on the hill above the Lendava River, near the contemporary border with Hungary, the Lendava Castle is one of the most important historic monuments in the region The castle was in &hellip; <a href=\"https:\/\/www.gml.si\/en\/short-history-of-the-lendava-castle\/\"><\/p>\n<p>Continue Reading <span class=\"meta-nav\">&rarr;<\/span><\/a><\/p>\n","protected":false},"author":5,"featured_media":0,"parent":0,"menu_order":0,"comment_status":"open","ping_status":"open","template":"","meta":{"inline_featured_image":false,"footnotes":""},"class_list":["post-12179","page","type-page","status-publish","hentry"],"_links":{"self":[{"href":"https:\/\/www.gml.si\/en\/wp-json\/wp\/v2\/pages\/12179","targetHints":{"allow":["GET"]}}],"collection":[{"href":"https:\/\/www.gml.si\/en\/wp-json\/wp\/v2\/pages"}],"about":[{"href":"https:\/\/www.gml.si\/en\/wp-json\/wp\/v2\/types\/page"}],"author":[{"embeddable":true,"href":"https:\/\/www.gml.si\/en\/wp-json\/wp\/v2\/users\/5"}],"replies":[{"embeddable":true,"href":"https:\/\/www.gml.si\/en\/wp-json\/wp\/v2\/comments?post=12179"}],"version-history":[{"count":1,"href":"https:\/\/www.gml.si\/en\/wp-json\/wp\/v2\/pages\/12179\/revisions"}],"predecessor-version":[{"id":17814,"href":"https:\/\/www.gml.si\/en\/wp-json\/wp\/v2\/pages\/12179\/revisions\/17814"}],"wp:attachment":[{"href":"https:\/\/www.gml.si\/en\/wp-json\/wp\/v2\/media?parent=12179"}],"curies":[{"name":"wp","href":"https:\/\/api.w.org\/{rel}","templated":true}]}}