{"id":12182,"date":"2011-01-19T18:12:47","date_gmt":"2011-01-19T17:12:47","guid":{"rendered":"https:\/\/www.gml.si\/about-us-opening-hours\/"},"modified":"2025-01-21T18:27:13","modified_gmt":"2025-01-21T17:27:13","slug":"about-us-opening-hours","status":"publish","type":"page","link":"https:\/\/www.gml.si\/en\/about-us-opening-hours\/","title":{"rendered":"About us: OPENING HOURS"},"content":{"rendered":"<hr \/>\n<p><strong><span style=\"font-size: 24px;\">Lendava castle<\/span><\/strong><a href=\"https:\/\/www.gml.si\/wp-content\/uploads\/2011\/01\/01_zgodovina_gradu_Var4.jpg\" data-lbwps-width=\"750\" data-lbwps-height=\"490\" data-lbwps-srcsmall=\"https:\/\/www.gml.si\/wp-content\/uploads\/2011\/01\/01_zgodovina_gradu_Var4-500x326.jpg\"><img loading=\"lazy\" decoding=\"async\" class=\"alignright wp-image-408\" src=\"https:\/\/www.gml.si\/wp-content\/uploads\/2011\/01\/01_zgodovina_gradu_Var4-500x326.jpg\" alt=\"\" width=\"200\" height=\"131\" srcset=\"https:\/\/www.gml.si\/wp-content\/uploads\/2011\/01\/01_zgodovina_gradu_Var4-500x326.jpg 500w, https:\/\/www.gml.si\/wp-content\/uploads\/2011\/01\/01_zgodovina_gradu_Var4.jpg 750w\" sizes=\"auto, (max-width: 200px) 100vw, 200px\" \/><\/a><br \/>\nBanffyjev trg 1, 9220 Lendava<\/p>\n<p class=\"zeleno\"><strong>Winter opening hours (November 1\u2013March 31)<\/strong> <br \/>\nMonday to Friday: 8 am \u2013 4 pm<br \/>\nSaturday, Sunday: 10 am \u2013 2 pm<\/p>\n<p class=\"belo\"><strong>Summer opening hours (April 1\u2013October 31)<\/strong> <br \/>\nMonday to Friday: 8 am \u2013 6 pm<br \/>\nSaturday, Sunday: 10 am \u2013 6 pm<\/p>\n<p>Closed on the following Slovenian holidays:<br \/>\n1<sup>st<\/sup> and 2<sup>nd<\/sup> January, Easter Sunday, 1<sup>st<\/sup> November, 25<sup>th<\/sup> and 26<sup>th<\/sup> December<\/p>\n<hr \/>\n<p><span style=\"font-size: 24px;\"><img loading=\"lazy\" decoding=\"async\" class=\"wp-image-5858 alignright\" src=\"https:\/\/www.gml.si\/wp-content\/uploads\/2018\/03\/sinagoga_lendava_2009-1-1024x683.jpg\" alt=\"\" width=\"200\" height=\"133\" srcset=\"https:\/\/www.gml.si\/wp-content\/uploads\/2018\/03\/sinagoga_lendava_2009-1-1024x683.jpg 1024w, https:\/\/www.gml.si\/wp-content\/uploads\/2018\/03\/sinagoga_lendava_2009-1-500x333.jpg 500w\" sizes=\"auto, (max-width: 200px) 100vw, 200px\" \/><strong>Synagogue Lendava<\/strong><\/span><br \/>\nSpodnja ulica 5, 9220 Lendava | <a href=\"http:\/\/sinagoga.gml.si\">sinagoga.gml.si<\/a><\/p>\n<p class=\"zeleno\"><strong>Winter opening hours (November 1\u2013March 31)<\/strong>\u00a0<br \/>\nMonday to Saturday: 10 am \u2013 2 pm<br \/>\nSunday: closed<\/p>\n<p class=\"belo\"><strong>Summer opening hours (April 1\u2013October 31)<\/strong>\u00a0<br \/>\nMonday to Sunday: 10 am \u2013 2 pm<\/p>\n<p>Closed on the following Slovenian holidays:<br \/>\n1<sup>st<\/sup> and 2<sup>nd<\/sup> January, Easter Sunday, 1<sup>st<\/sup> November, 25<sup>th<\/sup> and 26<sup>th<\/sup> December<\/p>\n<hr \/>\n<p><strong><span style=\"font-size: 24px;\"><a href=\"https:\/\/www.gml.si\/wp-content\/uploads\/2012\/03\/muzej_mesc_zgradba_00.jpg\" data-lbwps-width=\"800\" data-lbwps-height=\"571\" data-lbwps-srcsmall=\"https:\/\/www.gml.si\/wp-content\/uploads\/2012\/03\/muzej_mesc_zgradba_00-500x356.jpg\" data-lbwps-caption=\"Stara razglednica z zgradbo, kjer domuje razstava &amp;#8211; R\u00e9gi k\u00e9peslap a ki\u00e1ll\u00edt\u00e1snak helyet ad\u00f3 \u00e9p\u00fclettel &amp;#8211; An old postcard of the building where the exhibition is today\"><img loading=\"lazy\" decoding=\"async\" class=\"alignright \" src=\"https:\/\/www.gml.si\/wp-content\/uploads\/2012\/03\/muzej_mesc_zgradba_00-500x356.jpg\" width=\"201\" height=\"143\" \/><\/a>Museum of Citizenry, typography and umbrella manufactory in Lendava<\/span><\/strong><br \/>\nGlavna ulica 52, 9220 Lendava<\/p>\n<p class=\"zeleno\"><strong>Opening hours<\/strong><br \/>\nopen only by prior arrangement <i class=\"fas fa-phone\"><\/i> +386 (0)2 578 92 60<\/p>\n<hr \/>\n<p><span style=\"font-size: 11px;\">Last change: 17 November 2022<\/span><\/p>\n<blockquote class=\"wp-embedded-content\" data-secret=\"01QuIIoaIk\"><p><a href=\"https:\/\/www.gml.si\/en\/about-us-entrance-fee-and-price-lists-2\/\">About us: ENTRANCE-FEE AND PRICE LISTS<\/a><\/p><\/blockquote>\n<p><iframe loading=\"lazy\" class=\"wp-embedded-content\" sandbox=\"allow-scripts\" security=\"restricted\" style=\"position: absolute; visibility: hidden;\" title=\"&#8220;About us: ENTRANCE-FEE AND PRICE LISTS&#8221; &#8212; GML\" src=\"https:\/\/www.gml.si\/en\/about-us-entrance-fee-and-price-lists-2\/embed\/#?secret=pA4lgDeHLr#?secret=01QuIIoaIk\" data-secret=\"01QuIIoaIk\" width=\"600\" height=\"338\" frameborder=\"0\" marginwidth=\"0\" marginheight=\"0\" scrolling=\"no\"><\/iframe><\/p>\n","protected":false},"excerpt":{"rendered":"<p>Lendava castle Banffyjev trg 1, 9220 Lendava Winter opening hours (November 1\u2013March 31) Monday to Friday: 8 am \u2013 4 pm Saturday, Sunday: 10 am \u2013 2 pm Summer opening hours (April 1\u2013October 31) Monday to Friday: 8 am \u2013 &hellip; <a href=\"https:\/\/www.gml.si\/en\/about-us-opening-hours\/\"><\/p>\n<p>Continue Reading <span class=\"meta-nav\">&rarr;<\/span><\/a><\/p>\n","protected":false},"author":5,"featured_media":0,"parent":0,"menu_order":0,"comment_status":"open","ping_status":"closed","template":"","meta":{"inline_featured_image":false,"footnotes":""},"class_list":["post-12182","page","type-page","status-publish","hentry"],"_links":{"self":[{"href":"https:\/\/www.gml.si\/en\/wp-json\/wp\/v2\/pages\/12182","targetHints":{"allow":["GET"]}}],"collection":[{"href":"https:\/\/www.gml.si\/en\/wp-json\/wp\/v2\/pages"}],"about":[{"href":"https:\/\/www.gml.si\/en\/wp-json\/wp\/v2\/types\/page"}],"author":[{"embeddable":true,"href":"https:\/\/www.gml.si\/en\/wp-json\/wp\/v2\/users\/5"}],"replies":[{"embeddable":true,"href":"https:\/\/www.gml.si\/en\/wp-json\/wp\/v2\/comments?post=12182"}],"version-history":[{"count":3,"href":"https:\/\/www.gml.si\/en\/wp-json\/wp\/v2\/pages\/12182\/revisions"}],"predecessor-version":[{"id":18474,"href":"https:\/\/www.gml.si\/en\/wp-json\/wp\/v2\/pages\/12182\/revisions\/18474"}],"wp:attachment":[{"href":"https:\/\/www.gml.si\/en\/wp-json\/wp\/v2\/media?parent=12182"}],"curies":[{"name":"wp","href":"https:\/\/api.w.org\/{rel}","templated":true}]}}