{"id":12191,"date":"2011-01-31T18:37:28","date_gmt":"2011-01-31T17:37:28","guid":{"rendered":"https:\/\/www.gml.si\/permanent-exhibition-the-folk-textile-culture-of-hetes\/"},"modified":"2011-01-31T18:37:28","modified_gmt":"2011-01-31T17:37:28","slug":"permanent-exhibition-the-folk-textile-culture-of-hetes","status":"publish","type":"page","link":"https:\/\/www.gml.si\/en\/permanent-exhibition-the-folk-textile-culture-of-hetes\/","title":{"rendered":"Permanent exhibition: THE FOLK TEXTILE CULTURE OF HET\u00c9S"},"content":{"rendered":"<p><em>Ethnologic exhibition<\/em><\/p>\n<div id=\"attachment_357\" style=\"width: 630px\" class=\"wp-caption alignnone\"><a href=\"https:\/\/www.gml.si\/wp-content\/uploads\/2011\/01\/02_stalne_zbirke_hetisko_01.jpg\" data-lbwps-width=\"620\" data-lbwps-height=\"409\" data-lbwps-srcsmall=\"https:\/\/www.gml.si\/wp-content\/uploads\/2011\/01\/02_stalne_zbirke_hetisko_01-500x329.jpg\" data-lbwps-caption=\"Kultura heti\u0161kega ljudskega tekstila \u2022 N\u00e9prajzi ki\u00e1ll\u00edt\u00e1s: A het\u00e9si n\u00e9pi textilkult\u00fara \u2022 Kultura heti\u0161kega ljudskega tekstila\"><img loading=\"lazy\" decoding=\"async\" aria-describedby=\"caption-attachment-357\" class=\" wp-image-7569   \" title=\"Kultura heti\u0161kega ljudskega tekstila \u2022 N\u00e9prajzi ki\u00e1ll\u00edt\u00e1s: A het\u00e9si n\u00e9pi textilkult\u00fara \u2022 Kultura heti\u0161kega ljudskega tekstila\" src=\"https:\/\/www.gml.si\/wp-content\/uploads\/2011\/01\/02_stalne_zbirke_hetisko_01.jpg\" alt=\"\" width=\"620\" height=\"409\" srcset=\"https:\/\/www.gml.si\/wp-content\/uploads\/2011\/01\/02_stalne_zbirke_hetisko_01.jpg 620w, https:\/\/www.gml.si\/wp-content\/uploads\/2011\/01\/02_stalne_zbirke_hetisko_01-500x329.jpg 500w\" sizes=\"auto, (max-width: 620px) 100vw, 620px\" \/><\/a><p id=\"caption-attachment-357\" class=\"wp-caption-text\">Ethnologic exhibition: The Folk Textile Culture of Het\u00e9s<\/p><\/div>\n<p>Folk textile culture of Het\u00e9s is a still living and archaic island in the Central European cultural area. The permanent exhibition in the Lendava Castle is divided into seven thematic sets.<\/p>\n<p>The first set presents items and photographs of growing and processing hemp and flax and the second part presents the role of textile goods in the economy of Het\u00e9s.<\/p>\n<p>The third set presents the Het\u00e9s bale which is followed by the presentation of use of textile goods in the residential culture of Het\u00e9s. In the centre of the display room there are two dummies dressed in national costumes of Het\u00e9s. The exhibition is closed by the display of the most valuable textile goods of Het\u00e9s: special towels and fancywork with motifs of Het\u00e9s displayed in a glass case.<\/p>\n<p>The display is enriched also by archival photos, the oldest of which dates from 1895.<\/p>\n<p>This is an exhibition which scientifically displays a part of the cultural heritage of Hungarians in Prekmurje and draws the attention to the extraordinary ethnologic value, which belongs to the rich heritage of the Central European cultural area. This exhibition does not just present the past but it wishes to talk about the present and the future. It wishes to address visitors also from other places and therefore the texts are written in four languages.<\/p>\n<hr \/>\n<h2>PHOTO-GALLERY<\/h2>\n<p><a href=\"http:\/\/www.gml.si\/wp-content\/uploads\/2011\/01\/02_stalne_zbirke_hetisko_02.jpg\" data-lbwps-width=\"667\" data-lbwps-height=\"500\" data-lbwps-srcsmall=\"https:\/\/www.gml.si\/wp-content\/uploads\/2011\/01\/02_stalne_zbirke_hetisko_02-500x374.jpg\"><img loading=\"lazy\" decoding=\"async\" class=\"img-galerija alignnone size-thumbnail wp-image-422\" title=\"Kultura heti\u0161kega ljudskega tekstila \u2022 N\u00e9prajzi ki\u00e1ll\u00edt\u00e1s: A het\u00e9si n\u00e9pi textilkult\u00fara\" src=\"http:\/\/www.gml.si\/wp-content\/uploads\/2011\/01\/02_stalne_zbirke_hetisko_02-120x120.jpg\" alt=\"Kultura heti\u0161kega ljudskega tekstila \u2022 N\u00e9prajzi ki\u00e1ll\u00edt\u00e1s: A het\u00e9si n\u00e9pi textilkult\u00fara\" width=\"120\" height=\"120\" \/><\/a> <a href=\"http:\/\/www.gml.si\/wp-content\/uploads\/2011\/01\/02_stalne_zbirke_hetisko_03.jpg\" data-lbwps-width=\"667\" data-lbwps-height=\"500\" data-lbwps-srcsmall=\"https:\/\/www.gml.si\/wp-content\/uploads\/2011\/01\/02_stalne_zbirke_hetisko_03-500x374.jpg\"><img loading=\"lazy\" decoding=\"async\" class=\"img-galerija alignnone size-thumbnail wp-image-423\" title=\"Kultura heti\u0161kega ljudskega tekstila \u2022 N\u00e9prajzi ki\u00e1ll\u00edt\u00e1s: A het\u00e9si n\u00e9pi textilkult\u00fara\" src=\"http:\/\/www.gml.si\/wp-content\/uploads\/2011\/01\/02_stalne_zbirke_hetisko_03-120x120.jpg\" alt=\"Kultura heti\u0161kega ljudskega tekstila \u2022 N\u00e9prajzi ki\u00e1ll\u00edt\u00e1s: A het\u00e9si n\u00e9pi textilkult\u00fara\" width=\"120\" height=\"120\" \/><\/a> <a href=\"http:\/\/www.gml.si\/wp-content\/uploads\/2011\/01\/02_stalne_zbirke_hetisko_04.jpg\" data-lbwps-width=\"667\" data-lbwps-height=\"500\" data-lbwps-srcsmall=\"https:\/\/www.gml.si\/wp-content\/uploads\/2011\/01\/02_stalne_zbirke_hetisko_04-500x374.jpg\"><img loading=\"lazy\" decoding=\"async\" class=\"img-galerija alignnone size-thumbnail wp-image-424\" title=\"Kultura heti\u0161kega ljudskega tekstila \u2022 N\u00e9prajzi ki\u00e1ll\u00edt\u00e1s: A het\u00e9si n\u00e9pi textilkult\u00fara\" src=\"http:\/\/www.gml.si\/wp-content\/uploads\/2011\/01\/02_stalne_zbirke_hetisko_04-120x120.jpg\" alt=\"Kultura heti\u0161kega ljudskega tekstila \u2022 N\u00e9prajzi ki\u00e1ll\u00edt\u00e1s: A het\u00e9si n\u00e9pi textilkult\u00fara\" width=\"120\" height=\"120\" \/><\/a> <a href=\"http:\/\/www.gml.si\/wp-content\/uploads\/2011\/01\/02_stalne_zbirke_hetisko_07.jpg\" data-lbwps-width=\"700\" data-lbwps-height=\"455\" data-lbwps-srcsmall=\"https:\/\/www.gml.si\/wp-content\/uploads\/2011\/01\/02_stalne_zbirke_hetisko_07-500x325.jpg\"><img loading=\"lazy\" decoding=\"async\" class=\"img-galerija alignnone size-thumbnail wp-image-427\" title=\"Kultura heti\u0161kega ljudskega tekstila \u2022 N\u00e9prajzi ki\u00e1ll\u00edt\u00e1s: A het\u00e9si n\u00e9pi textilkult\u00fara\" src=\"http:\/\/www.gml.si\/wp-content\/uploads\/2011\/01\/02_stalne_zbirke_hetisko_07-120x120.jpg\" alt=\"Kultura heti\u0161kega ljudskega tekstila \u2022 N\u00e9prajzi ki\u00e1ll\u00edt\u00e1s: A het\u00e9si n\u00e9pi textilkult\u00fara\" width=\"120\" height=\"120\" \/><\/a><\/p>\n","protected":false},"excerpt":{"rendered":"<p>Ethnologic exhibition Folk textile culture of Het\u00e9s is a still living and archaic island in the Central European cultural area. The permanent exhibition in the Lendava Castle is divided into seven thematic sets. The first set presents items and photographs &hellip; <a href=\"https:\/\/www.gml.si\/en\/permanent-exhibition-the-folk-textile-culture-of-hetes\/\"><\/p>\n<p>Continue Reading <span class=\"meta-nav\">&rarr;<\/span><\/a><\/p>\n","protected":false},"author":5,"featured_media":0,"parent":0,"menu_order":0,"comment_status":"closed","ping_status":"open","template":"","meta":{"inline_featured_image":false,"footnotes":""},"class_list":["post-12191","page","type-page","status-publish","hentry"],"_links":{"self":[{"href":"https:\/\/www.gml.si\/en\/wp-json\/wp\/v2\/pages\/12191","targetHints":{"allow":["GET"]}}],"collection":[{"href":"https:\/\/www.gml.si\/en\/wp-json\/wp\/v2\/pages"}],"about":[{"href":"https:\/\/www.gml.si\/en\/wp-json\/wp\/v2\/types\/page"}],"author":[{"embeddable":true,"href":"https:\/\/www.gml.si\/en\/wp-json\/wp\/v2\/users\/5"}],"replies":[{"embeddable":true,"href":"https:\/\/www.gml.si\/en\/wp-json\/wp\/v2\/comments?post=12191"}],"version-history":[{"count":0,"href":"https:\/\/www.gml.si\/en\/wp-json\/wp\/v2\/pages\/12191\/revisions"}],"wp:attachment":[{"href":"https:\/\/www.gml.si\/en\/wp-json\/wp\/v2\/media?parent=12191"}],"curies":[{"name":"wp","href":"https:\/\/api.w.org\/{rel}","templated":true}]}}