{"id":12200,"date":"2011-01-31T18:52:19","date_gmt":"2011-01-31T17:52:19","guid":{"rendered":"https:\/\/www.gml.si\/collection-stefan-galic-memorial-room\/"},"modified":"2011-01-31T18:52:19","modified_gmt":"2011-01-31T17:52:19","slug":"collection-stefan-galic-memorial-room","status":"publish","type":"page","link":"https:\/\/www.gml.si\/en\/collection-stefan-galic-memorial-room\/","title":{"rendered":"COLLECTION: \u0160tefan Gali\u010d memorial room"},"content":{"rendered":"<div id=\"attachment_739\" style=\"width: 137px\" class=\"wp-caption alignright\"><a href=\"http:\/\/www.gml.si\/wp-content\/uploads\/2011\/01\/galic_stefan_01.jpg\" data-lbwps-width=\"449\" data-lbwps-height=\"700\" data-lbwps-srcsmall=\"https:\/\/www.gml.si\/wp-content\/uploads\/2011\/01\/galic_stefan_01-320x500.jpg\"><img loading=\"lazy\" decoding=\"async\" aria-describedby=\"caption-attachment-739\" class=\" wp-image-739 \" title=\"\u0160tefan Gali\u010d - Galics Istv\u00e1n\" src=\"http:\/\/www.gml.si\/wp-content\/uploads\/2011\/01\/galic_stefan_01-320x500.jpg\" alt=\"\" width=\"127\" height=\"200\" \/><\/a><p id=\"caption-attachment-739\" class=\"wp-caption-text\">\u0160tefan Gali\u010d<\/p><\/div>\n<p><em><strong>\u0160tefan Gali\u010d <\/strong>(1944-1997) &#8211; painter &#038; graphic artist<\/em><\/p>\n<p>\u0160tefan Gali\u010d, born in Lendava, was in the wider Slovenian cultural area known primarily as a printmaker, and was one of the most recognized slovenian woodcut graphic artist in final third of the previous century.<\/p>\n<p>His unique woodcuts gave him\u00a0reputation and awards.<\/p>\n<p>The Memorial Room opened its doors in 2008 and offers visitors a view of his graphics (especially from the cycle of Records and Fossils), as well as his outstanding collection of more than 4000 butterflies from different parts of the world, these were valuable resources of inspiration to Gali\u010d.<\/p>\n<hr style=\"height: 2px; width: 100%; border: 1px solid #cccccc; color: #ffffff;\" noshade=\"noshade\" size=\"2\" \/>\n<h2>PHOTO-GALLERY<\/h2>\n<p><a href=\"http:\/\/www.gml.si\/wp-content\/uploads\/2011\/01\/galic_stefan_02.jpg\" data-lbwps-width=\"448\" data-lbwps-height=\"700\" data-lbwps-srcsmall=\"https:\/\/www.gml.si\/wp-content\/uploads\/2011\/01\/galic_stefan_02-320x500.jpg\"><img loading=\"lazy\" decoding=\"async\" class=\"img-galerija alignnone size-thumbnail wp-image-740\" title=\"\u0160tefan Gali\u010d: Metulj - Lepke - Butterfly\" src=\"http:\/\/www.gml.si\/wp-content\/uploads\/2011\/01\/galic_stefan_02-120x120.jpg\" alt=\"\u0160tefan Gali\u010d: Metulj - Lepke - Butterfly\" width=\"120\" height=\"120\" \/><\/a> <a href=\"http:\/\/www.gml.si\/wp-content\/uploads\/2011\/01\/galic_stefan_03.jpg\" data-lbwps-width=\"551\" data-lbwps-height=\"700\" data-lbwps-srcsmall=\"https:\/\/www.gml.si\/wp-content\/uploads\/2011\/01\/galic_stefan_03-393x500.jpg\"><img loading=\"lazy\" decoding=\"async\" class=\"img-galerija alignnone size-thumbnail wp-image-741\" title=\"Lesorez \u0160tefana Gali\u010da - G\u00e1lics Istv\u00e1n fametszete - Woodcut by Stefan Gali\u010d\" src=\"http:\/\/www.gml.si\/wp-content\/uploads\/2011\/01\/galic_stefan_03-120x120.jpg\" alt=\"Lesorez \u0160tefana Gali\u010da - G\u00e1lics Istv\u00e1n fametszete - Woodcut by Stefan Gali\u010d\" width=\"120\" height=\"120\" \/><\/a> <a href=\"http:\/\/www.gml.si\/wp-content\/uploads\/2011\/01\/galic_stefan_04.jpg\" data-lbwps-width=\"900\" data-lbwps-height=\"550\" data-lbwps-srcsmall=\"https:\/\/www.gml.si\/wp-content\/uploads\/2011\/01\/galic_stefan_04-500x305.jpg\"><img loading=\"lazy\" decoding=\"async\" class=\"img-galerija alignnone size-thumbnail wp-image-742\" title=\"Lesorez \u0160tefana Gali\u010da - G\u00e1lics Istv\u00e1n fametszete - Woodcut by Stefan Gali\u010d\" src=\"http:\/\/www.gml.si\/wp-content\/uploads\/2011\/01\/galic_stefan_04-120x120.jpg\" alt=\"Lesorez \u0160tefana Gali\u010da - G\u00e1lics Istv\u00e1n fametszete - Woodcut by Stefan Gali\u010d\" width=\"120\" height=\"120\" \/><\/a> <a href=\"http:\/\/www.gml.si\/wp-content\/uploads\/2011\/01\/galic_stefan_05.jpg\" data-lbwps-width=\"290\" data-lbwps-height=\"700\" data-lbwps-srcsmall=\"https:\/\/www.gml.si\/wp-content\/uploads\/2011\/01\/galic_stefan_05-207x500.jpg\"><img loading=\"lazy\" decoding=\"async\" class=\"img-galerija alignnone size-thumbnail wp-image-743\" title=\"Lesorez \u0160tefana Gali\u010da - G\u00e1lics Istv\u00e1n fametszete - Woodcut by Stefan Gali\u010d\" src=\"http:\/\/www.gml.si\/wp-content\/uploads\/2011\/01\/galic_stefan_05-120x120.jpg\" alt=\"Lesorez \u0160tefana Gali\u010da - G\u00e1lics Istv\u00e1n fametszete - Woodcut by Stefan Gali\u010d\" width=\"120\" height=\"120\" \/><\/a> <a href=\"http:\/\/www.gml.si\/wp-content\/uploads\/2011\/01\/galic_stefan_06.jpg\" data-lbwps-width=\"700\" data-lbwps-height=\"525\" data-lbwps-srcsmall=\"https:\/\/www.gml.si\/wp-content\/uploads\/2011\/01\/galic_stefan_06-500x375.jpg\"><img loading=\"lazy\" decoding=\"async\" class=\"img-galerija alignnone size-thumbnail wp-image-761\" title=\"Zbirka metuljev \u0160tefana Gali\u010d - G\u00e1lics Istv\u00e1n lepkegy\u0171jtem\u00e9nye - Butterfly Collection\" src=\"http:\/\/www.gml.si\/wp-content\/uploads\/2011\/01\/galic_stefan_06-120x120.jpg\" alt=\"Zbirka metuljev \u0160tefana Gali\u010d - G\u00e1lics Istv\u00e1n lepkegy\u0171jtem\u00e9nye - Butterfly Collection\" width=\"120\" height=\"120\" \/><\/a> <a href=\"http:\/\/www.gml.si\/wp-content\/uploads\/2011\/01\/galic_stefan_07.jpg\" data-lbwps-width=\"700\" data-lbwps-height=\"525\" data-lbwps-srcsmall=\"https:\/\/www.gml.si\/wp-content\/uploads\/2011\/01\/galic_stefan_07-500x375.jpg\"><img loading=\"lazy\" decoding=\"async\" class=\"img-galerija alignnone size-thumbnail wp-image-762\" title=\"Zbirka grafik \u0160tefana Gali\u010d - G\u00e1lics Istv\u00e1n grafikagy\u0171jtem\u00e9nye - Graphic Collection\" src=\"http:\/\/www.gml.si\/wp-content\/uploads\/2011\/01\/galic_stefan_07-120x120.jpg\" alt=\"Zbirka grafik \u0160tefana Gali\u010d - G\u00e1lics Istv\u00e1n grafikagy\u0171jtem\u00e9nye - Graphic Collection\" width=\"120\" height=\"120\" \/><\/a> <a href=\"http:\/\/www.gml.si\/wp-content\/uploads\/2011\/01\/galic_stefan_08.jpg\" data-lbwps-width=\"700\" data-lbwps-height=\"525\" data-lbwps-srcsmall=\"https:\/\/www.gml.si\/wp-content\/uploads\/2011\/01\/galic_stefan_08-500x375.jpg\"><img loading=\"lazy\" decoding=\"async\" class=\"img-galerija alignnone size-thumbnail wp-image-763\" title=\"Zbirka grafik \u0160tefana Gali\u010d - G\u00e1lics Istv\u00e1n grafikagy\u0171jtem\u00e9nye - Graphic Collection\" src=\"http:\/\/www.gml.si\/wp-content\/uploads\/2011\/01\/galic_stefan_08-120x120.jpg\" alt=\"Zbirka grafik \u0160tefana Gali\u010d - G\u00e1lics Istv\u00e1n grafikagy\u0171jtem\u00e9nye - Graphic Collection\" width=\"120\" height=\"120\" \/><\/a> <a href=\"http:\/\/www.gml.si\/wp-content\/uploads\/2011\/01\/galic_stefan_09.jpg\" data-lbwps-width=\"700\" data-lbwps-height=\"525\" data-lbwps-srcsmall=\"https:\/\/www.gml.si\/wp-content\/uploads\/2011\/01\/galic_stefan_09-500x375.jpg\"><img loading=\"lazy\" decoding=\"async\" class=\"img-galerija alignnone size-thumbnail wp-image-764\" title=\"Zbirka metuljev \u0160tefana Gali\u010d - G\u00e1lics Istv\u00e1n lepkegy\u0171jtem\u00e9nye - Butterfly Collection\" src=\"http:\/\/www.gml.si\/wp-content\/uploads\/2011\/01\/galic_stefan_09-120x120.jpg\" alt=\"Zbirka metuljev \u0160tefana Gali\u010d - G\u00e1lics Istv\u00e1n lepkegy\u0171jtem\u00e9nye - Butterfly Collection\" width=\"120\" height=\"120\" \/><\/a><\/p>\n","protected":false},"excerpt":{"rendered":"<p>\u0160tefan Gali\u010d (1944-1997) &#8211; painter &#038; graphic artist \u0160tefan Gali\u010d, born in Lendava, was in the wider Slovenian cultural area known primarily as a printmaker, and was one of the most recognized slovenian woodcut graphic artist in final third of &hellip; <a href=\"https:\/\/www.gml.si\/en\/collection-stefan-galic-memorial-room\/\"><\/p>\n<p>Continue Reading <span class=\"meta-nav\">&rarr;<\/span><\/a><\/p>\n","protected":false},"author":5,"featured_media":0,"parent":0,"menu_order":0,"comment_status":"closed","ping_status":"open","template":"","meta":{"inline_featured_image":false,"footnotes":""},"class_list":["post-12200","page","type-page","status-publish","hentry"],"_links":{"self":[{"href":"https:\/\/www.gml.si\/en\/wp-json\/wp\/v2\/pages\/12200","targetHints":{"allow":["GET"]}}],"collection":[{"href":"https:\/\/www.gml.si\/en\/wp-json\/wp\/v2\/pages"}],"about":[{"href":"https:\/\/www.gml.si\/en\/wp-json\/wp\/v2\/types\/page"}],"author":[{"embeddable":true,"href":"https:\/\/www.gml.si\/en\/wp-json\/wp\/v2\/users\/5"}],"replies":[{"embeddable":true,"href":"https:\/\/www.gml.si\/en\/wp-json\/wp\/v2\/comments?post=12200"}],"version-history":[{"count":0,"href":"https:\/\/www.gml.si\/en\/wp-json\/wp\/v2\/pages\/12200\/revisions"}],"wp:attachment":[{"href":"https:\/\/www.gml.si\/en\/wp-json\/wp\/v2\/media?parent=12200"}],"curies":[{"name":"wp","href":"https:\/\/api.w.org\/{rel}","templated":true}]}}