{"id":12233,"date":"2012-02-24T08:48:45","date_gmt":"2012-02-24T07:48:45","guid":{"rendered":"https:\/\/www.gml.si\/about-us-location-on-map\/"},"modified":"2012-02-24T08:48:45","modified_gmt":"2012-02-24T07:48:45","slug":"about-us-location-on-map","status":"publish","type":"page","link":"https:\/\/www.gml.si\/en\/about-us-location-on-map\/","title":{"rendered":"About us: LOCATION ON MAP"},"content":{"rendered":"<p>On the map below, you can find the location of the <strong>Lendava&#8217;s castle<\/strong>. Here you will find the Institute of the Gallery-Museum Lendava (Galerija-Muzej Lendava).<\/p>\n<p>The Exhibition of <strong><em>Citizenry, typography and umbrella manufactory in Lendava<\/em><\/strong> is located on the Main street 52 (Glavna ulica 52).<\/p>\n<p>For more informations visit the <a href=\"http:\/\/www.lendava-lendva.si\">www.lendava-lendva.si<\/a> homepage.<\/p>\n<p><iframe loading=\"lazy\" style=\"border: 0;\" tabindex=\"0\" src=\"https:\/\/www.google.com\/maps\/embed?pb=!1m18!1m12!1m3!1d2743.0205279054107!2d16.450653115944917!3d46.56705937912957!2m3!1f0!2f0!3f0!3m2!1i1024!2i768!4f13.1!3m3!1m2!1s0x476f4aa3c2af39bd%3A0x641b7209893ff5e2!2sGalerija-Muzej%20Lendava!5e0!3m2!1ssl!2ssi!4v1589867917983!5m2!1ssl!2ssi\" width=\"640\" height=\"460\" frameborder=\"0\" allowfullscreen=\"allowfullscreen\" aria-hidden=\"false\"><\/iframe><\/p>\n<hr style=\"color: #ffffff; border: 1px solid #CCCCCC;\" noshade=\"noshade\" \/>\n<h2>PHOTOGRAPHS OF BUILDINGS:<\/h2>\n<p><a href=\"http:\/\/www.gml.si\/wp-content\/uploads\/2012\/02\/lendavski_grad.jpg\" data-lbwps-width=\"600\" data-lbwps-height=\"400\" data-lbwps-srcsmall=\"https:\/\/www.gml.si\/wp-content\/uploads\/2012\/02\/lendavski_grad-500x333.jpg\"><img loading=\"lazy\" decoding=\"async\" class=\"img-galerija alignnone size-thumbnail wp-image-935\" title=\"Lendavski grad \/ Lendvai v\u00e1r\" src=\"http:\/\/www.gml.si\/wp-content\/uploads\/2012\/02\/lendavski_grad-120x120.jpg\" alt=\"Lendavski grad \/ Lendvai v\u00e1r\" width=\"120\" height=\"120\" \/><\/a> <a href=\"http:\/\/www.gml.si\/wp-content\/uploads\/2012\/02\/muzej_glavna_52_lendava.jpg\" data-lbwps-width=\"440\" data-lbwps-height=\"600\" data-lbwps-srcsmall=\"https:\/\/www.gml.si\/wp-content\/uploads\/2012\/02\/muzej_glavna_52_lendava-366x500.jpg\"><img loading=\"lazy\" decoding=\"async\" class=\"img-galerija alignnone size-thumbnail wp-image-936\" title=\"Muzej na glavni ulici 52 \/ F\u0151 utca 52. - m\u00fazeum\" src=\"http:\/\/www.gml.si\/wp-content\/uploads\/2012\/02\/muzej_glavna_52_lendava-120x120.jpg\" alt=\"Muzej na glavni ulici 52 \/ F\u0151 utca 52. - m\u00fazeum\" width=\"120\" height=\"120\" \/><\/a> <a href=\"http:\/\/www.gml.si\/wp-content\/uploads\/2012\/02\/cerkev_sv_katarine_lendava.jpg\" data-lbwps-width=\"600\" data-lbwps-height=\"400\" data-lbwps-srcsmall=\"https:\/\/www.gml.si\/wp-content\/uploads\/2012\/02\/cerkev_sv_katarine_lendava-500x333.jpg\"><img loading=\"lazy\" decoding=\"async\" class=\"img-galerija alignnone size-thumbnail wp-image-937\" title=\"Cerkev svete Katarine v Lendavi \/ Szent Katalin templom\" src=\"http:\/\/www.gml.si\/wp-content\/uploads\/2012\/02\/cerkev_sv_katarine_lendava-120x120.jpg\" alt=\"Cerkev svete Katarine v Lendavi \/ Szent Katalin templom\" width=\"120\" height=\"120\" \/><\/a> <a href=\"http:\/\/www.gml.si\/wp-content\/uploads\/2012\/02\/kulturni_dom.jpg\" data-lbwps-width=\"600\" data-lbwps-height=\"402\" data-lbwps-srcsmall=\"https:\/\/www.gml.si\/wp-content\/uploads\/2012\/02\/kulturni_dom-500x335.jpg\"><img loading=\"lazy\" decoding=\"async\" class=\"img-galerija alignnone size-thumbnail wp-image-938\" title=\"Gledali\u0161ka in koncertna dvorana Lendava \/ Sz\u00ednh\u00e1z- \u00e9s Hangversenyterem, Lendva\" src=\"http:\/\/www.gml.si\/wp-content\/uploads\/2012\/02\/kulturni_dom-120x120.jpg\" alt=\"Gledali\u0161ka in koncertna dvorana Lendava \/ Sz\u00ednh\u00e1z- \u00e9s Hangversenyterem, Lendva\" width=\"120\" height=\"120\" \/><\/a><\/p>\n","protected":false},"excerpt":{"rendered":"<p>On the map below, you can find the location of the Lendava&#8217;s castle. Here you will find the Institute of the Gallery-Museum Lendava (Galerija-Muzej Lendava). The Exhibition of Citizenry, typography and umbrella manufactory in Lendava is located on the Main &hellip; <a href=\"https:\/\/www.gml.si\/en\/about-us-location-on-map\/\"><\/p>\n<p>Continue Reading <span class=\"meta-nav\">&rarr;<\/span><\/a><\/p>\n","protected":false},"author":5,"featured_media":0,"parent":0,"menu_order":0,"comment_status":"closed","ping_status":"closed","template":"","meta":{"inline_featured_image":false,"footnotes":""},"class_list":["post-12233","page","type-page","status-publish","hentry"],"_links":{"self":[{"href":"https:\/\/www.gml.si\/en\/wp-json\/wp\/v2\/pages\/12233","targetHints":{"allow":["GET"]}}],"collection":[{"href":"https:\/\/www.gml.si\/en\/wp-json\/wp\/v2\/pages"}],"about":[{"href":"https:\/\/www.gml.si\/en\/wp-json\/wp\/v2\/types\/page"}],"author":[{"embeddable":true,"href":"https:\/\/www.gml.si\/en\/wp-json\/wp\/v2\/users\/5"}],"replies":[{"embeddable":true,"href":"https:\/\/www.gml.si\/en\/wp-json\/wp\/v2\/comments?post=12233"}],"version-history":[{"count":0,"href":"https:\/\/www.gml.si\/en\/wp-json\/wp\/v2\/pages\/12233\/revisions"}],"wp:attachment":[{"href":"https:\/\/www.gml.si\/en\/wp-json\/wp\/v2\/media?parent=12233"}],"curies":[{"name":"wp","href":"https:\/\/api.w.org\/{rel}","templated":true}]}}