{"id":14815,"date":"2022-04-22T10:43:50","date_gmt":"2022-04-22T08:43:50","guid":{"rendered":"https:\/\/www.gml.si\/?page_id=14815"},"modified":"2022-04-22T10:44:12","modified_gmt":"2022-04-22T08:44:12","slug":"permanent-exhibition-ethnological-heritage-of-lendava-and-its-sorrounding-area","status":"publish","type":"page","link":"https:\/\/www.gml.si\/en\/permanent-exhibition-ethnological-heritage-of-lendava-and-its-sorrounding-area\/","title":{"rendered":"PERMANENT EXHIBITION: Ethnological Heritage of Lendava and its Sorrounding Area"},"content":{"rendered":"<p><em>The exhibition shows the ethnological heritage of Lendava and its surrounding area from the 19<sup>th<\/sup> century to the middle of the 20<sup>th<\/sup> century <\/em><\/p>\n<p><a href=\"https:\/\/www.gml.si\/wp-content\/uploads\/2022\/04\/GML_etno_2022_3.jpg\" data-lbwps-width=\"1873\" data-lbwps-height=\"1080\" data-lbwps-srcsmall=\"https:\/\/www.gml.si\/wp-content\/uploads\/2022\/04\/GML_etno_2022_3-500x288.jpg\"><img loading=\"lazy\" decoding=\"async\" class=\"alignnone size-large wp-image-14771\" src=\"https:\/\/www.gml.si\/wp-content\/uploads\/2022\/04\/GML_etno_2022_3-1024x590.jpg\" alt=\"\" width=\"1024\" height=\"590\" srcset=\"https:\/\/www.gml.si\/wp-content\/uploads\/2022\/04\/GML_etno_2022_3-1024x590.jpg 1024w, https:\/\/www.gml.si\/wp-content\/uploads\/2022\/04\/GML_etno_2022_3-500x288.jpg 500w, https:\/\/www.gml.si\/wp-content\/uploads\/2022\/04\/GML_etno_2022_3.jpg 1873w\" sizes=\"auto, (max-width: 1024px) 100vw, 1024px\" \/><\/a><\/p>\n<p>The most important activities of the agricultural society of our region, namely agriculture, animal husbandry and crafts, are each represented by one object in the exhibition. As part of the exhibition, we paid special attention to the presentation of pottery in our region, the most distinctive products of which were the so-called black ceramics.<\/p>\n<p>The culture of folk textiles and the characteristics of the sacral heritage of Lendava and its surrounding area are presented as part of a solo exhibition.<\/p>\n<hr \/>\n<h2>PHOTO-GALLERY<\/h2>\n<div id='gallery-1' class='gallery galleryid-14815 gallery-columns-4 gallery-size-thumbnail'><dl class='gallery-item'>\n\t\t\t<dt class='gallery-icon portrait'>\n\t\t\t\t<a href='https:\/\/www.gml.si\/wp-content\/uploads\/2022\/04\/GML_etno_2022_1.jpg'><img loading=\"lazy\" decoding=\"async\" width=\"120\" height=\"120\" src=\"https:\/\/www.gml.si\/wp-content\/uploads\/2022\/04\/GML_etno_2022_1-120x120.jpg\" class=\"attachment-thumbnail size-thumbnail\" alt=\"\" \/><\/a>\n\t\t\t<\/dt><\/dl><dl class='gallery-item'>\n\t\t\t<dt class='gallery-icon landscape'>\n\t\t\t\t<a href='https:\/\/www.gml.si\/wp-content\/uploads\/2022\/04\/GML_etno_2022_2.jpg'><img loading=\"lazy\" decoding=\"async\" width=\"120\" height=\"120\" src=\"https:\/\/www.gml.si\/wp-content\/uploads\/2022\/04\/GML_etno_2022_2-120x120.jpg\" class=\"attachment-thumbnail size-thumbnail\" alt=\"\" \/><\/a>\n\t\t\t<\/dt><\/dl><dl class='gallery-item'>\n\t\t\t<dt class='gallery-icon portrait'>\n\t\t\t\t<a href='https:\/\/www.gml.si\/wp-content\/uploads\/2022\/04\/GML_etno_2022_4.jpg'><img loading=\"lazy\" decoding=\"async\" width=\"120\" height=\"120\" src=\"https:\/\/www.gml.si\/wp-content\/uploads\/2022\/04\/GML_etno_2022_4-120x120.jpg\" class=\"attachment-thumbnail size-thumbnail\" alt=\"\" \/><\/a>\n\t\t\t<\/dt><\/dl><dl class='gallery-item'>\n\t\t\t<dt class='gallery-icon portrait'>\n\t\t\t\t<a href='https:\/\/www.gml.si\/wp-content\/uploads\/2022\/04\/GML_etno_2022_5.jpg'><img loading=\"lazy\" decoding=\"async\" width=\"120\" height=\"120\" src=\"https:\/\/www.gml.si\/wp-content\/uploads\/2022\/04\/GML_etno_2022_5-120x120.jpg\" class=\"attachment-thumbnail size-thumbnail\" alt=\"\" \/><\/a>\n\t\t\t<\/dt><\/dl><br style=\"clear: both\" \/><dl class='gallery-item'>\n\t\t\t<dt class='gallery-icon landscape'>\n\t\t\t\t<a href='https:\/\/www.gml.si\/wp-content\/uploads\/2022\/04\/GML_etno_2022_6.jpg'><img loading=\"lazy\" decoding=\"async\" width=\"120\" height=\"120\" src=\"https:\/\/www.gml.si\/wp-content\/uploads\/2022\/04\/GML_etno_2022_6-120x120.jpg\" class=\"attachment-thumbnail size-thumbnail\" alt=\"\" \/><\/a>\n\t\t\t<\/dt><\/dl><dl class='gallery-item'>\n\t\t\t<dt class='gallery-icon landscape'>\n\t\t\t\t<a href='https:\/\/www.gml.si\/wp-content\/uploads\/2022\/04\/GML_etno_2022_7.jpg'><img loading=\"lazy\" decoding=\"async\" width=\"120\" height=\"120\" src=\"https:\/\/www.gml.si\/wp-content\/uploads\/2022\/04\/GML_etno_2022_7-120x120.jpg\" class=\"attachment-thumbnail size-thumbnail\" alt=\"\" \/><\/a>\n\t\t\t<\/dt><\/dl>\n\t\t\t<br style='clear: both' \/>\n\t\t<\/div>\n\n<hr \/>\n<h2>COLOPHON<\/h2>\n<p><a href=\"https:\/\/www.gml.si\/wp-content\/uploads\/2022\/04\/tablo_impresszum_ETNO_2022.jpg\" data-lbwps-width=\"1000\" data-lbwps-height=\"2143\" data-lbwps-srcsmall=\"https:\/\/www.gml.si\/wp-content\/uploads\/2022\/04\/tablo_impresszum_ETNO_2022-233x500.jpg\"><img loading=\"lazy\" decoding=\"async\" class=\"alignnone wp-image-14801 size-full\" src=\"https:\/\/www.gml.si\/wp-content\/uploads\/2022\/04\/tablo_impresszum_ETNO_2022.jpg\" alt=\"\" width=\"1000\" height=\"2143\" srcset=\"https:\/\/www.gml.si\/wp-content\/uploads\/2022\/04\/tablo_impresszum_ETNO_2022.jpg 1000w, https:\/\/www.gml.si\/wp-content\/uploads\/2022\/04\/tablo_impresszum_ETNO_2022-233x500.jpg 233w, https:\/\/www.gml.si\/wp-content\/uploads\/2022\/04\/tablo_impresszum_ETNO_2022-478x1024.jpg 478w\" sizes=\"auto, (max-width: 1000px) 100vw, 1000px\" \/><\/a><\/p>\n<p>ETHNOLOGICAL HERITAGE OF LENDAVA AND ITS SURROUNDING AREA<\/p>\n<p><strong>The exhibition text was written and the exhibition prepared by:<\/strong><\/p>\n<p>KEP\u00c9N\u00c9 Dr. BIHAR M\u00e1ria PhD<br \/>\netnologinja<br \/>\nn\u00e9prajzkutat\u00f3<br \/>\nethnologist<\/p>\n<p>Dr. LENDVAI KEPE Zolt\u00e1n PhD<br \/>\netnolog, vi\u0161ji kustos<br \/>\nn\u00e9prajzkutat\u00f3, f\u0151muzeol\u00f3gus<br \/>\nethnologist, senior curator<\/p>\n<p><strong>Participants in the exhibition:<\/strong><br \/>\nBAUMGARTNER Dubravko <br \/>\nFERLETI\u010c Marta <br \/>\nHORVAT Robert <br \/>\nLEBAR Karmen <br \/>\nPISNJAK Atilla <br \/>\n\u0160ERNEK Marta <br \/>\nVIDA Annamarija<\/p>\n<p><strong>This exhibition was made possible by:<\/strong><\/p>\n<p>Bethlen G\u00e1bor Alapkezel\u0151 Zrt.<\/p>\n<p>Mad\u017earska samoupravna narodna skupnost Ob\u010dine Lendava<br \/>\nLendva K\u00f6zs\u00e9gi Magyar Nemzeti \u00d6nkorm\u00e1nyzati K\u00f6z\u00f6ss\u00e9g<\/p>\n<p>Ministrstvo za kulturo Republike Slovenije<\/p>\n<p>Ob\u010dina Lendava <br \/>\nLendva K\u00f6zs\u00e9g<\/p>\n<hr \/>\n<p>Attachment:<br \/>\n[wp-svg-icons icon=&#8221;file-pdf&#8221; wrap=&#8221;i&#8221;] <a href=\"https:\/\/www.gml.si\/wp-content\/uploads\/2022\/04\/2022-04.Kolofon-ETNO.pdf\">2022-04.Kolofon ETNO<\/a> (pdf, 2 MB)<\/p>\n","protected":false},"excerpt":{"rendered":"<p>The exhibition shows the ethnological heritage of Lendava and its surrounding area from the 19th century to the middle of the 20th century The most important activities of the agricultural society of our region, namely agriculture, animal husbandry and crafts, &hellip; <a href=\"https:\/\/www.gml.si\/en\/permanent-exhibition-ethnological-heritage-of-lendava-and-its-sorrounding-area\/\"><\/p>\n<p>Continue Reading <span class=\"meta-nav\">&rarr;<\/span><\/a><\/p>\n","protected":false},"author":5,"featured_media":0,"parent":0,"menu_order":0,"comment_status":"closed","ping_status":"closed","template":"","meta":{"inline_featured_image":false,"footnotes":""},"class_list":["post-14815","page","type-page","status-publish","hentry"],"_links":{"self":[{"href":"https:\/\/www.gml.si\/en\/wp-json\/wp\/v2\/pages\/14815","targetHints":{"allow":["GET"]}}],"collection":[{"href":"https:\/\/www.gml.si\/en\/wp-json\/wp\/v2\/pages"}],"about":[{"href":"https:\/\/www.gml.si\/en\/wp-json\/wp\/v2\/types\/page"}],"author":[{"embeddable":true,"href":"https:\/\/www.gml.si\/en\/wp-json\/wp\/v2\/users\/5"}],"replies":[{"embeddable":true,"href":"https:\/\/www.gml.si\/en\/wp-json\/wp\/v2\/comments?post=14815"}],"version-history":[{"count":0,"href":"https:\/\/www.gml.si\/en\/wp-json\/wp\/v2\/pages\/14815\/revisions"}],"wp:attachment":[{"href":"https:\/\/www.gml.si\/en\/wp-json\/wp\/v2\/media?parent=14815"}],"curies":[{"name":"wp","href":"https:\/\/api.w.org\/{rel}","templated":true}]}}