{"id":12175,"date":"2011-01-19T14:18:19","date_gmt":"2011-01-19T13:18:19","guid":{"rendered":"https:\/\/www.gml.si\/az-intezetrol-elerhetoseg\/"},"modified":"2025-04-26T10:58:39","modified_gmt":"2025-04-26T08:58:39","slug":"az-intezetrol-elerhetoseg","status":"publish","type":"page","link":"https:\/\/www.gml.si\/hu\/az-intezetrol-elerhetoseg\/","title":{"rendered":"Az int\u00e9zetr\u0151l: EL\u00c9RHET\u0150S\u00c9G"},"content":{"rendered":"<table style=\"width: 100%;\" border=\"0\">\n<tbody>\n<tr>\n<td style=\"width: 200px;\"><strong>LEVELEZ\u0150C\u00cdM<\/strong><\/td>\n<td>\n<p>Galerija-Muzej Lendava<br \/>\nGal\u00e9ria-M\u00fazeum Lendva<br \/>\nBanffyjev trg 1 \u2013 B\u00e1nffy t\u00e9r 1<br \/>\n9220 Lendava-Lendva<br \/>\nSzlov\u00e9nia<\/p>\n<\/td>\n<\/tr>\n<tr>\n<td><strong>Telefon:<\/strong><\/td>\n<td>00386 2 578 92 60<\/td>\n<\/tr>\n<tr>\n<td><strong>E-mail:<\/strong><\/td>\n<td><a title=\"info@gml.si\" href=\"mailto:info@gml.si\">info@gml.si<\/a><\/td>\n<\/tr>\n<tr>\n<td><strong>Ad\u00f3sz\u00e1m:<\/strong><\/td>\n<td>33586543<\/td>\n<\/tr>\n<tr>\n<td><strong>C\u00e9gnyilv\u00e1ntart\u00e1si sz\u00e1m:<\/strong><\/td>\n<td>5940753000<\/td>\n<\/tr>\n<tr>\n<td><strong>Banksz\u00e1mlasz\u00e1m:<\/strong><\/td>\n<td>\n<p><strong>IBAN:<\/strong> SI56 0125 9603 0376 512 <br \/>\n(Banka Slovenije, Ljubljana)<\/p>\n<p><span style=\"font-weight: bold;\">BIC:<\/span> BSLJSI2X<\/p>\n<\/td>\n<\/tr>\n<\/tbody>\n<\/table>\n<table style=\"width: 100%;\" border=\"0\">\n<tbody>\n<tr>\n<td style=\"width: 200px; background-color: #000000;\" colspan=\"2\"><span style=\"color: #ffffff;\">MUNKAT\u00c1RSAINK:<\/span><\/td>\n<td style=\"background-color: #000000; text-align: right;\"><span style=\"color: #ffffff;\">Telefon \u00e9s e-mail:<\/span><\/td>\n<\/tr>\n<tr>\n<td style=\"width: 200px;\"><strong>BAUMGARTNER Dubravko<\/strong><\/td>\n<td>\n<p>Igazgat\u00f3<br \/>\nFest\u0151m\u0171v\u00e9sz \u00e9s grafikus<br \/>\n<em><br \/>\nGal\u00e9riai\u00a0 tev\u00e9kenys\u00e9g<\/em><\/p>\n<\/td>\n<td style=\"width: 150px; text-align: right;\">00386 2 578 92 61<br \/>\n<a href=\"mailto:dubi@gml.si\">dubi@gml.si<\/a><\/td>\n<\/tr>\n<tr>\n<td>\n<p><a href=\"http:\/\/www.gml.si\/hu\/dr-zoltan-kepe\/\"><strong><strong>Dr. <\/strong>LENDVAI KEPE Zolt\u00e1n<\/strong><\/a><\/p>\n<p><span style=\"font-size: 12px;\"><a href=\"http:\/\/www.gml.si\/hu\/dr-zoltan-kepe\/\">\u25ba publik\u00e1ci\u00f3s lista<\/a><\/span><strong><br \/>\n<\/strong><\/p>\n<\/td>\n<td>\n<p>N\u00e9prajzkutat\u00f3<br \/>\nM\u00fazeumi tan\u00e1csos<br \/>\n<em><br \/>\nM\u00fazeumi tev\u00e9kenys\u00e9g<\/em><\/p>\n<\/td>\n<td style=\"text-align: right;\">00386 2 578 92 60<br \/>\n<a href=\"mailto:info@gml.si\">info@gml.si<\/a><\/td>\n<\/tr>\n<tr>\n<td><strong>LEBAR GOR Karmen<\/strong><\/td>\n<td>Titk\u00e1rn\u0151 \u00e9s \u00fcgyvezet\u0151<\/td>\n<td style=\"text-align: right;\">00386 2 578 92 60<br \/>\n<a href=\"mailto:info@gml.si\">info@gml.si<\/a><\/td>\n<\/tr>\n<tr>\n<td><strong>VIDA Annamarija<\/strong><\/td>\n<td>Munkat\u00e1rs<\/td>\n<td style=\"text-align: right;\">\u00a0<\/td>\n<\/tr>\n<tr>\n<td><strong>FERLETI\u010c Marta<br \/>\n<\/strong><\/td>\n<td>Munkat\u00e1rs<\/td>\n<td style=\"text-align: right;\">\u00a0<\/td>\n<\/tr>\n<\/tbody>\n<\/table>\n<table style=\"width: 100%;\" border=\"0\">\n<tbody>\n<tr>\n<td style=\"background-color: #000000;\" colspan=\"2\"><span style=\"color: #ffffff;\">FELHATALMAZOTT SZEM\u00c9LY:<\/span><\/td>\n<td style=\"background-color: #000000; text-align: right;\" colspan=\"2\"><span style=\"color: #ffffff;\">Telefon \u00e9s e-mail:<\/span><\/td>\n<\/tr>\n<tr>\n<td style=\"width: 200px;\"><strong>doc. dr. Miha DVOJMO\u010c <\/strong><br \/>\nmag. javn. upr., dipl. var.<\/p>\n<p>Tbilisijska 96, <br \/>\n1000 Ljubljana<\/td>\n<td>A szem\u00e9lyes adatok v\u00e9delm\u00e9re felhatalmazott<br \/>\nszem\u00e9ly<\/td>\n<td style=\"width: 150px; text-align: right;\">00 386 31 692 524<br \/>\n<a href=\"miha.dvojmoc@infocenter.si\">miha.dvojmoc@infocenter.si<\/a><\/td>\n<\/tr>\n<\/tbody>\n<\/table>\n","protected":false},"excerpt":{"rendered":"<p>LEVELEZ\u0150C\u00cdM Galerija-Muzej Lendava Gal\u00e9ria-M\u00fazeum Lendva Banffyjev trg 1 \u2013 B\u00e1nffy t\u00e9r 1 9220 Lendava-Lendva Szlov\u00e9nia Telefon: 00386 2 578 92 60 E-mail: info@gml.si Ad\u00f3sz\u00e1m: 33586543 C\u00e9gnyilv\u00e1ntart\u00e1si sz\u00e1m: 5940753000 Banksz\u00e1mlasz\u00e1m: IBAN: SI56 0125 9603 0376 512 (Banka Slovenije, Ljubljana) BIC: BSLJSI2X &hellip; <a href=\"https:\/\/www.gml.si\/hu\/az-intezetrol-elerhetoseg\/\"><\/p>\n<p>B\u0151vebben <span class=\"meta-nav\">\u2192<\/span><\/a><\/p>\n","protected":false},"author":5,"featured_media":0,"parent":0,"menu_order":0,"comment_status":"open","ping_status":"closed","template":"","meta":{"inline_featured_image":false,"footnotes":""},"class_list":["post-12175","page","type-page","status-publish","hentry"],"_links":{"self":[{"href":"https:\/\/www.gml.si\/hu\/wp-json\/wp\/v2\/pages\/12175","targetHints":{"allow":["GET"]}}],"collection":[{"href":"https:\/\/www.gml.si\/hu\/wp-json\/wp\/v2\/pages"}],"about":[{"href":"https:\/\/www.gml.si\/hu\/wp-json\/wp\/v2\/types\/page"}],"author":[{"embeddable":true,"href":"https:\/\/www.gml.si\/hu\/wp-json\/wp\/v2\/users\/5"}],"replies":[{"embeddable":true,"href":"https:\/\/www.gml.si\/hu\/wp-json\/wp\/v2\/comments?post=12175"}],"version-history":[{"count":20,"href":"https:\/\/www.gml.si\/hu\/wp-json\/wp\/v2\/pages\/12175\/revisions"}],"predecessor-version":[{"id":18802,"href":"https:\/\/www.gml.si\/hu\/wp-json\/wp\/v2\/pages\/12175\/revisions\/18802"}],"wp:attachment":[{"href":"https:\/\/www.gml.si\/hu\/wp-json\/wp\/v2\/media?parent=12175"}],"curies":[{"name":"wp","href":"https:\/\/api.w.org\/{rel}","templated":true}]}}