{"id":12181,"date":"2011-01-19T18:12:47","date_gmt":"2011-01-19T17:12:47","guid":{"rendered":"https:\/\/www.gml.si\/az-intezetrol-nyitvatartas\/"},"modified":"2025-01-21T18:26:49","modified_gmt":"2025-01-21T17:26:49","slug":"az-intezetrol-nyitvatartas","status":"publish","type":"page","link":"https:\/\/www.gml.si\/hu\/az-intezetrol-nyitvatartas\/","title":{"rendered":"Az int\u00e9zetr\u0151l: NYITVATART\u00c1S"},"content":{"rendered":"<hr \/>\n<p><strong><span style=\"font-size: 24px;\">Lendvai v\u00e1r<\/span><\/strong><a href=\"https:\/\/www.gml.si\/wp-content\/uploads\/2011\/01\/01_zgodovina_gradu_Var4.jpg\" data-lbwps-width=\"750\" data-lbwps-height=\"490\" data-lbwps-srcsmall=\"https:\/\/www.gml.si\/wp-content\/uploads\/2011\/01\/01_zgodovina_gradu_Var4-500x326.jpg\"><img loading=\"lazy\" decoding=\"async\" class=\"alignright wp-image-408\" src=\"https:\/\/www.gml.si\/wp-content\/uploads\/2011\/01\/01_zgodovina_gradu_Var4-500x326.jpg\" alt=\"\" width=\"200\" height=\"131\" srcset=\"https:\/\/www.gml.si\/wp-content\/uploads\/2011\/01\/01_zgodovina_gradu_Var4-500x326.jpg 500w, https:\/\/www.gml.si\/wp-content\/uploads\/2011\/01\/01_zgodovina_gradu_Var4.jpg 750w\" sizes=\"auto, (max-width: 200px) 100vw, 200px\" \/><\/a><br \/>\nBanffyjev trg 1\/B\u00e1nffy t\u00e9r 1., 9220 Lendava\/Lendva<\/p>\n<p class=\"zeleno\"><strong>T\u00e9li nyitvatart\u00e1s (november 1.\u2013m\u00e1rcius 31.)<\/strong> <br \/>\nh\u00e9tf\u0151\u2013p\u00e9ntek: 8.00\u201316.00<br \/>\nszombat\u2013vas\u00e1rnap: 10.00\u201314.00<\/p>\n<p class=\"belo\"><strong>Ny\u00e1ri nyitvatart\u00e1s (\u00e1prilis 1.\u2013okt\u00f3ber 31.)<\/strong><br \/>\nh\u00e9tf\u0151\u2013p\u00e9ntek: 8.00\u201318.00<br \/>\nszombat\u2013vas\u00e1rnap: 10.00\u201318.00<\/p>\n<p>A k\u00f6vetkez\u0151 \u00fcnnepnapokon z\u00e1rva: janu\u00e1r 1-j\u00e9n \u00e9s 2-\u00e1n, H\u00fasv\u00e9t napj\u00e1n, november 1-j\u00e9n, december 25-\u00e9n \u00e9s 26-\u00e1n<\/p>\n<hr \/>\n<p><span style=\"font-size: 24px;\"><img loading=\"lazy\" decoding=\"async\" class=\"wp-image-5858 alignright\" src=\"https:\/\/www.gml.si\/wp-content\/uploads\/2018\/03\/sinagoga_lendava_2009-1-1024x683.jpg\" alt=\"\" width=\"200\" height=\"133\" srcset=\"https:\/\/www.gml.si\/wp-content\/uploads\/2018\/03\/sinagoga_lendava_2009-1-1024x683.jpg 1024w, https:\/\/www.gml.si\/wp-content\/uploads\/2018\/03\/sinagoga_lendava_2009-1-500x333.jpg 500w\" sizes=\"auto, (max-width: 200px) 100vw, 200px\" \/><strong>Lendvai Zsinag\u00f3ga<\/strong><\/span><br \/>\nSpodnja ulica 5\/Als\u00f3 utca 5., 9220 Lendava\/Lendva | <a href=\"http:\/\/sinagoga.gml.si\">sinagoga.gml.si<\/a><\/p>\n<p class=\"zeleno\"><strong>T\u00e9li nyitvatart\u00e1s (november 1.\u2013m\u00e1rcius 31.)<\/strong> <br \/>\nh\u00e9tf\u0151\u2013szombat: 10.00\u201314.00<br \/>\nvas\u00e1rnap: z\u00e1rva<\/p>\n<p class=\"belo\"><strong>Ny\u00e1ri nyitvatart\u00e1s (\u00e1prilis 1.\u2013okt\u00f3ber 31.)<\/strong> <br \/>\nh\u00e9tf\u0151\u2013vas\u00e1rnap: 10.00\u201314.00<\/p>\n<p>A k\u00f6vetkez\u0151 \u00fcnnepnapokon z\u00e1rva: janu\u00e1r 1-j\u00e9n \u00e9s 2-\u00e1n, H\u00fasv\u00e9t napj\u00e1n, november 1-j\u00e9n, december 25-\u00e9n \u00e9s 26-\u00e1n<\/p>\n<hr \/>\n<p><strong><span style=\"font-size: 24px;\"><a href=\"https:\/\/www.gml.si\/wp-content\/uploads\/2012\/03\/muzej_mesc_zgradba_00.jpg\" data-lbwps-width=\"800\" data-lbwps-height=\"571\" data-lbwps-srcsmall=\"https:\/\/www.gml.si\/wp-content\/uploads\/2012\/03\/muzej_mesc_zgradba_00-500x356.jpg\" data-lbwps-caption=\"Stara razglednica z zgradbo, kjer domuje razstava &amp;#8211; R\u00e9gi k\u00e9peslap a ki\u00e1ll\u00edt\u00e1snak helyet ad\u00f3 \u00e9p\u00fclettel &amp;#8211; An old postcard of the building where the exhibition is today\"><img loading=\"lazy\" decoding=\"async\" class=\"alignright \" src=\"https:\/\/www.gml.si\/wp-content\/uploads\/2012\/03\/muzej_mesc_zgradba_00-500x356.jpg\" width=\"201\" height=\"143\" \/><\/a>Lendva polg\u00e1rosod\u00e1sa, nyomd\u00e1szata \u00e9s erny\u0151gy\u00e1rt\u00e1sa m\u00fazeum<\/span><\/strong><br \/>\nGlavna ulica 52\/F\u0151 utca 52., 9220 Lendava\/Lendva<\/p>\n<p class=\"zeleno\"><strong>Nyitvatart\u00e1s <\/strong><br \/>\nmegtekinthet\u0151 el\u0151zetes megbesz\u00e9l\u00e9s alapj\u00e1n, <i class=\"fas fa-phone\"><\/i> +386 (0)2 578 92 60<\/p>\n<hr \/>\n<p><span style=\"font-size: 11px;\">Utols\u00f3 fr\u00edss\u00edt\u00e9s: 2023. 4. 3.<\/span><\/p>\n<blockquote class=\"wp-embedded-content\" data-secret=\"Fs0jKr56ws\"><p><a href=\"https:\/\/www.gml.si\/hu\/az-intezetrol-belepodijak-es-arlistak-2\/\">Az int\u00e9zetr\u0151l: BEL\u00c9P\u0150D\u00cdJAK \u00c9S \u00c1RLIST\u00c1K<\/a><\/p><\/blockquote>\n<p><iframe loading=\"lazy\" class=\"wp-embedded-content\" sandbox=\"allow-scripts\" security=\"restricted\" style=\"position: absolute; visibility: hidden;\" title=\"&#8220;Az int\u00e9zetr\u0151l: BEL\u00c9P\u0150D\u00cdJAK \u00c9S \u00c1RLIST\u00c1K&#8221; &#8212; GML\" src=\"https:\/\/www.gml.si\/hu\/az-intezetrol-belepodijak-es-arlistak-2\/embed\/#?secret=yy461LDdZV#?secret=Fs0jKr56ws\" data-secret=\"Fs0jKr56ws\" width=\"600\" height=\"338\" frameborder=\"0\" marginwidth=\"0\" marginheight=\"0\" scrolling=\"no\"><\/iframe><\/p>\n","protected":false},"excerpt":{"rendered":"<p>Lendvai v\u00e1r Banffyjev trg 1\/B\u00e1nffy t\u00e9r 1., 9220 Lendava\/Lendva T\u00e9li nyitvatart\u00e1s (november 1.\u2013m\u00e1rcius 31.) h\u00e9tf\u0151\u2013p\u00e9ntek: 8.00\u201316.00 szombat\u2013vas\u00e1rnap: 10.00\u201314.00 Ny\u00e1ri nyitvatart\u00e1s (\u00e1prilis 1.\u2013okt\u00f3ber 31.) h\u00e9tf\u0151\u2013p\u00e9ntek: 8.00\u201318.00 szombat\u2013vas\u00e1rnap: 10.00\u201318.00 A k\u00f6vetkez\u0151 \u00fcnnepnapokon z\u00e1rva: janu\u00e1r 1-j\u00e9n \u00e9s 2-\u00e1n, H\u00fasv\u00e9t napj\u00e1n, november 1-j\u00e9n, december &hellip; <a href=\"https:\/\/www.gml.si\/hu\/az-intezetrol-nyitvatartas\/\"><\/p>\n<p>B\u0151vebben <span class=\"meta-nav\">\u2192<\/span><\/a><\/p>\n","protected":false},"author":5,"featured_media":0,"parent":0,"menu_order":0,"comment_status":"open","ping_status":"closed","template":"","meta":{"inline_featured_image":false,"footnotes":""},"class_list":["post-12181","page","type-page","status-publish","hentry"],"_links":{"self":[{"href":"https:\/\/www.gml.si\/hu\/wp-json\/wp\/v2\/pages\/12181","targetHints":{"allow":["GET"]}}],"collection":[{"href":"https:\/\/www.gml.si\/hu\/wp-json\/wp\/v2\/pages"}],"about":[{"href":"https:\/\/www.gml.si\/hu\/wp-json\/wp\/v2\/types\/page"}],"author":[{"embeddable":true,"href":"https:\/\/www.gml.si\/hu\/wp-json\/wp\/v2\/users\/5"}],"replies":[{"embeddable":true,"href":"https:\/\/www.gml.si\/hu\/wp-json\/wp\/v2\/comments?post=12181"}],"version-history":[{"count":2,"href":"https:\/\/www.gml.si\/hu\/wp-json\/wp\/v2\/pages\/12181\/revisions"}],"predecessor-version":[{"id":18473,"href":"https:\/\/www.gml.si\/hu\/wp-json\/wp\/v2\/pages\/12181\/revisions\/18473"}],"wp:attachment":[{"href":"https:\/\/www.gml.si\/hu\/wp-json\/wp\/v2\/media?parent=12181"}],"curies":[{"name":"wp","href":"https:\/\/api.w.org\/{rel}","templated":true}]}}