{"id":12190,"date":"2011-01-31T18:37:28","date_gmt":"2011-01-31T17:37:28","guid":{"rendered":"https:\/\/www.gml.si\/allando-kiallitas-a-hetesi-nepi-textilkultura\/"},"modified":"2011-01-31T18:37:28","modified_gmt":"2011-01-31T17:37:28","slug":"allando-kiallitas-a-hetesi-nepi-textilkultura","status":"publish","type":"page","link":"https:\/\/www.gml.si\/hu\/allando-kiallitas-a-hetesi-nepi-textilkultura\/","title":{"rendered":"\u00c1lland\u00f3 ki\u00e1ll\u00edt\u00e1s: A HET\u00c9SI N\u00c9PI TEXTILKULT\u00daRA"},"content":{"rendered":"<p><em>N\u00e9prajzi ki\u00e1ll\u00edt\u00e1s: A het\u00e9si n\u00e9pi text\u00edli\u00e1k<\/em><\/p>\n<div id=\"attachment_357\" style=\"width: 630px\" class=\"wp-caption alignnone\"><a href=\"https:\/\/www.gml.si\/wp-content\/uploads\/2011\/01\/02_stalne_zbirke_hetisko_01.jpg\" data-lbwps-width=\"620\" data-lbwps-height=\"409\" data-lbwps-srcsmall=\"https:\/\/www.gml.si\/wp-content\/uploads\/2011\/01\/02_stalne_zbirke_hetisko_01-500x329.jpg\" data-lbwps-caption=\"Kultura heti\u0161kega ljudskega tekstila \u2022 N\u00e9prajzi ki\u00e1ll\u00edt\u00e1s: A het\u00e9si n\u00e9pi textilkult\u00fara \u2022 Kultura heti\u0161kega ljudskega tekstila\"><img loading=\"lazy\" decoding=\"async\" aria-describedby=\"caption-attachment-357\" class=\" wp-image-7570  \" title=\"Kultura heti\u0161kega ljudskega tekstila \u2022 N\u00e9prajzi ki\u00e1ll\u00edt\u00e1s: A het\u00e9si n\u00e9pi textilkult\u00fara \u2022 Kultura heti\u0161kega ljudskega tekstila\" src=\"https:\/\/www.gml.si\/wp-content\/uploads\/2011\/01\/02_stalne_zbirke_hetisko_01.jpg\" alt=\"\" width=\"620\" height=\"409\" srcset=\"https:\/\/www.gml.si\/wp-content\/uploads\/2011\/01\/02_stalne_zbirke_hetisko_01.jpg 620w, https:\/\/www.gml.si\/wp-content\/uploads\/2011\/01\/02_stalne_zbirke_hetisko_01-500x329.jpg 500w\" sizes=\"auto, (max-width: 620px) 100vw, 620px\" \/><\/a><p id=\"caption-attachment-357\" class=\"wp-caption-text\">N\u00e9prajzi ki\u00e1ll\u00edt\u00e1s: A het\u00e9si n\u00e9pi text\u00edli\u00e1k (r\u00e9szlet)<\/p><\/div>\n<p>A het\u00e9si n\u00e9pi text\u00edlia, kis archaikus szigetet k\u00e9pezve a k\u00f6z\u00e9p-eur\u00f3pai t\u00e9rs\u00e9gben, m\u00e9g \u00e9l. A lendvai v\u00e1rban tal\u00e1lhat\u00f3 \u00e1lland\u00f3 ki\u00e1ll\u00edt\u00e1s h\u00e9t t\u00e9mak\u00f6rre oszlik.<\/p>\n<p>Az els\u0151 a kender \u00e9s a len termeszt\u00e9s\u00e9t \u00e9s feldolgoz\u00e1s\u00e1t seg\u00edt\u0151 szersz\u00e1mokat \u00e9s az err\u0151l k\u00e9sz\u00fclt fot\u00f3kat mutatja be, a m\u00e1sodikban a text\u00edli\u00e1nak a het\u00e9si gazdas\u00e1gi bet\u00f6lt\u00f6tt szerep\u00e9t tekinthetj\u00fck meg.<\/p>\n<p>A harmadik t\u00e9mak\u00f6r a het\u00e9si menyasszonyi kelengy\u00e9t mutatja be, ezt k\u00f6vet\u0151en pedig a text\u00edli\u00e1k haszn\u00e1lat\u00e1t a het\u00e9si lak\u00e1skult\u00far\u00e1ban. A ki\u00e1ll\u00edt\u00f3terem k\u00f6zep\u00e9n het\u00e9si n\u00e9pviseletbe \u00f6lt\u00f6ztetett k\u00e9t b\u00e1b\u00fa l\u00e1that\u00f3, a ki\u00e1ll\u00edtott t\u00e1rgyakat pedig a leg\u00e9rt\u00e9kesebb het\u00e9si text\u00edli\u00e1k z\u00e1rj\u00e1k: a vitrinben kaptak helyet az \u00fcnnepi t\u00f6r\u00fclk\u00f6z\u0151k \u00e9s a het\u00e9si mot\u00edvumokkal d\u00edsz\u00edtett h\u00edmz\u00e9sek.<\/p>\n<p>A ki\u00e1ll\u00edt\u00e1st r\u00e9gi fot\u00f3k is gazdag\u00edtj\u00e1k, a legr\u00e9gebbi 1895-ben k\u00e9sz\u00fclt.<\/p>\n<p>A ki\u00e1ll\u00edt\u00e1s a muravid\u00e9ki magyars\u00e1g kultur\u00e1lis \u00f6r\u00f6ks\u00e9g\u00e9t tudom\u00e1nyos alapokon mutatja be \u00e9s felh\u00edvja a figyelmet a k\u00f6z\u00e9p-eur\u00f3pai kultur\u00e1lis t\u00e9rs\u00e9g gazdag hagyom\u00e1ny\u00e1t k\u00e9pez\u0151 rendk\u00edv\u00fcli n\u00e9prajzi \u00e9rt\u00e9kekre. Ez a ki\u00e1ll\u00edt\u00e1s nem csup\u00e1n a m\u00faltat \u00e1br\u00e1zolja, hanem a jelenr\u0151l \u00e9s a j\u00f6v\u0151r\u0151l is sz\u00f3l. A m\u00fazeumba v\u00e1rj\u00e1k a t\u00e1volabbi vid\u00e9kekr\u0151l \u00e9rkez\u0151 \u00e9rdekl\u0151d\u0151ket is, ez\u00e9rt a ki\u00e1ll\u00edt\u00e1s \u00edr\u00e1sos anyaga n\u00e9gy nyelven \u00edr\u00f3dott.<\/p>\n<hr \/>\n<h2>F\u00c9NYK\u00c9PEK A KI\u00c1LL\u00cdT\u00c1SR\u00d3L<\/h2>\n<p><a href=\"http:\/\/www.gml.si\/wp-content\/uploads\/2011\/01\/02_stalne_zbirke_hetisko_02.jpg\" data-lbwps-width=\"667\" data-lbwps-height=\"500\" data-lbwps-srcsmall=\"https:\/\/www.gml.si\/wp-content\/uploads\/2011\/01\/02_stalne_zbirke_hetisko_02-500x374.jpg\"><img loading=\"lazy\" decoding=\"async\" class=\"img-galerija alignnone size-thumbnail wp-image-422\" title=\"Kultura heti\u0161kega ljudskega tekstila \u2022 N\u00e9prajzi ki\u00e1ll\u00edt\u00e1s: A het\u00e9si n\u00e9pi textilkult\u00fara\" src=\"http:\/\/www.gml.si\/wp-content\/uploads\/2011\/01\/02_stalne_zbirke_hetisko_02-120x120.jpg\" alt=\"Kultura heti\u0161kega ljudskega tekstila \u2022 N\u00e9prajzi ki\u00e1ll\u00edt\u00e1s: A het\u00e9si n\u00e9pi textilkult\u00fara\" width=\"120\" height=\"120\" \/><\/a> <a href=\"http:\/\/www.gml.si\/wp-content\/uploads\/2011\/01\/02_stalne_zbirke_hetisko_03.jpg\" data-lbwps-width=\"667\" data-lbwps-height=\"500\" data-lbwps-srcsmall=\"https:\/\/www.gml.si\/wp-content\/uploads\/2011\/01\/02_stalne_zbirke_hetisko_03-500x374.jpg\"><img loading=\"lazy\" decoding=\"async\" class=\"img-galerija alignnone size-thumbnail wp-image-423\" title=\"Kultura heti\u0161kega ljudskega tekstila \u2022 N\u00e9prajzi ki\u00e1ll\u00edt\u00e1s: A het\u00e9si n\u00e9pi textilkult\u00fara\" src=\"http:\/\/www.gml.si\/wp-content\/uploads\/2011\/01\/02_stalne_zbirke_hetisko_03-120x120.jpg\" alt=\"Kultura heti\u0161kega ljudskega tekstila \u2022 N\u00e9prajzi ki\u00e1ll\u00edt\u00e1s: A het\u00e9si n\u00e9pi textilkult\u00fara\" width=\"120\" height=\"120\" \/><\/a> <a href=\"http:\/\/www.gml.si\/wp-content\/uploads\/2011\/01\/02_stalne_zbirke_hetisko_04.jpg\" data-lbwps-width=\"667\" data-lbwps-height=\"500\" data-lbwps-srcsmall=\"https:\/\/www.gml.si\/wp-content\/uploads\/2011\/01\/02_stalne_zbirke_hetisko_04-500x374.jpg\"><img loading=\"lazy\" decoding=\"async\" class=\"img-galerija alignnone size-thumbnail wp-image-424\" title=\"Kultura heti\u0161kega ljudskega tekstila \u2022 N\u00e9prajzi ki\u00e1ll\u00edt\u00e1s: A het\u00e9si n\u00e9pi textilkult\u00fara\" src=\"http:\/\/www.gml.si\/wp-content\/uploads\/2011\/01\/02_stalne_zbirke_hetisko_04-120x120.jpg\" alt=\"Kultura heti\u0161kega ljudskega tekstila \u2022 N\u00e9prajzi ki\u00e1ll\u00edt\u00e1s: A het\u00e9si n\u00e9pi textilkult\u00fara\" width=\"120\" height=\"120\" \/><\/a> <a href=\"http:\/\/www.gml.si\/wp-content\/uploads\/2011\/01\/02_stalne_zbirke_hetisko_07.jpg\" data-lbwps-width=\"700\" data-lbwps-height=\"455\" data-lbwps-srcsmall=\"https:\/\/www.gml.si\/wp-content\/uploads\/2011\/01\/02_stalne_zbirke_hetisko_07-500x325.jpg\"><img loading=\"lazy\" decoding=\"async\" class=\"img-galerija alignnone size-thumbnail wp-image-427\" title=\"Kultura heti\u0161kega ljudskega tekstila \u2022 N\u00e9prajzi ki\u00e1ll\u00edt\u00e1s: A het\u00e9si n\u00e9pi textilkult\u00fara\" src=\"http:\/\/www.gml.si\/wp-content\/uploads\/2011\/01\/02_stalne_zbirke_hetisko_07-120x120.jpg\" alt=\"Kultura heti\u0161kega ljudskega tekstila \u2022 N\u00e9prajzi ki\u00e1ll\u00edt\u00e1s: A het\u00e9si n\u00e9pi textilkult\u00fara\" width=\"120\" height=\"120\" \/><\/a><\/p>\n","protected":false},"excerpt":{"rendered":"<p>N\u00e9prajzi ki\u00e1ll\u00edt\u00e1s: A het\u00e9si n\u00e9pi text\u00edli\u00e1k A het\u00e9si n\u00e9pi text\u00edlia, kis archaikus szigetet k\u00e9pezve a k\u00f6z\u00e9p-eur\u00f3pai t\u00e9rs\u00e9gben, m\u00e9g \u00e9l. A lendvai v\u00e1rban tal\u00e1lhat\u00f3 \u00e1lland\u00f3 ki\u00e1ll\u00edt\u00e1s h\u00e9t t\u00e9mak\u00f6rre oszlik. Az els\u0151 a kender \u00e9s a len termeszt\u00e9s\u00e9t \u00e9s feldolgoz\u00e1s\u00e1t seg\u00edt\u0151 szersz\u00e1mokat &hellip; <a href=\"https:\/\/www.gml.si\/hu\/allando-kiallitas-a-hetesi-nepi-textilkultura\/\"><\/p>\n<p>B\u0151vebben <span class=\"meta-nav\">\u2192<\/span><\/a><\/p>\n","protected":false},"author":5,"featured_media":0,"parent":0,"menu_order":0,"comment_status":"closed","ping_status":"open","template":"","meta":{"inline_featured_image":false,"footnotes":""},"class_list":["post-12190","page","type-page","status-publish","hentry"],"_links":{"self":[{"href":"https:\/\/www.gml.si\/hu\/wp-json\/wp\/v2\/pages\/12190","targetHints":{"allow":["GET"]}}],"collection":[{"href":"https:\/\/www.gml.si\/hu\/wp-json\/wp\/v2\/pages"}],"about":[{"href":"https:\/\/www.gml.si\/hu\/wp-json\/wp\/v2\/types\/page"}],"author":[{"embeddable":true,"href":"https:\/\/www.gml.si\/hu\/wp-json\/wp\/v2\/users\/5"}],"replies":[{"embeddable":true,"href":"https:\/\/www.gml.si\/hu\/wp-json\/wp\/v2\/comments?post=12190"}],"version-history":[{"count":0,"href":"https:\/\/www.gml.si\/hu\/wp-json\/wp\/v2\/pages\/12190\/revisions"}],"wp:attachment":[{"href":"https:\/\/www.gml.si\/hu\/wp-json\/wp\/v2\/media?parent=12190"}],"curies":[{"name":"wp","href":"https:\/\/api.w.org\/{rel}","templated":true}]}}