{"id":12211,"date":"2011-02-01T11:40:47","date_gmt":"2011-02-01T10:40:47","guid":{"rendered":"https:\/\/www.gml.si\/az-intezetrol-csoportlatogatas\/"},"modified":"2011-02-01T11:40:47","modified_gmt":"2011-02-01T10:40:47","slug":"az-intezetrol-csoportlatogatas","status":"publish","type":"page","link":"https:\/\/www.gml.si\/hu\/az-intezetrol-csoportlatogatas\/","title":{"rendered":"Az int\u00e9zetr\u0151l: CSOPORTL\u00c1TOGAT\u00c1S"},"content":{"rendered":"<p>A munkaid\u0151n k\u00edv\u00fcli l\u00e1togat\u00e1st be kell jelentetni, ez vonatkozik azokra a csoportl\u00e1togat\u00e1sokra is, amelyek turisztikai vezet\u00e9st ig\u00e9nyelnek.<\/p>\n<p>K\u00e9rj\u00fck \u00d6n\u00f6ket, hogy a l\u00e1togat\u00e1si id\u0151pontjukat legk\u00e9s\u0151bb <strong>h\u00e1rom nappal <\/strong>a l\u00e1togat\u00e1s el\u0151tt jelents\u00e9k az <a href=\"mailto:info@gml.si\">info@gml.si<\/a> e-mail c\u00edmre illetve a <strong> +00386 (0)2 578 92 60<\/strong> telefonsz\u00e1mra.<\/p>\n<p><em>K\u00f6sz\u00f6nj\u00fck!<\/em><\/p>\n","protected":false},"excerpt":{"rendered":"<p>A munkaid\u0151n k\u00edv\u00fcli l\u00e1togat\u00e1st be kell jelentetni, ez vonatkozik azokra a csoportl\u00e1togat\u00e1sokra is, amelyek turisztikai vezet\u00e9st ig\u00e9nyelnek. K\u00e9rj\u00fck \u00d6n\u00f6ket, hogy a l\u00e1togat\u00e1si id\u0151pontjukat legk\u00e9s\u0151bb h\u00e1rom nappal a l\u00e1togat\u00e1s el\u0151tt jelents\u00e9k az info@gml.si e-mail c\u00edmre illetve a +00386 (0)2 578 92 &hellip; <a href=\"https:\/\/www.gml.si\/hu\/az-intezetrol-csoportlatogatas\/\"><\/p>\n<p>B\u0151vebben <span class=\"meta-nav\">\u2192<\/span><\/a><\/p>\n","protected":false},"author":5,"featured_media":0,"parent":0,"menu_order":0,"comment_status":"closed","ping_status":"closed","template":"","meta":{"inline_featured_image":false,"footnotes":""},"class_list":["post-12211","page","type-page","status-publish","hentry"],"_links":{"self":[{"href":"https:\/\/www.gml.si\/hu\/wp-json\/wp\/v2\/pages\/12211","targetHints":{"allow":["GET"]}}],"collection":[{"href":"https:\/\/www.gml.si\/hu\/wp-json\/wp\/v2\/pages"}],"about":[{"href":"https:\/\/www.gml.si\/hu\/wp-json\/wp\/v2\/types\/page"}],"author":[{"embeddable":true,"href":"https:\/\/www.gml.si\/hu\/wp-json\/wp\/v2\/users\/5"}],"replies":[{"embeddable":true,"href":"https:\/\/www.gml.si\/hu\/wp-json\/wp\/v2\/comments?post=12211"}],"version-history":[{"count":0,"href":"https:\/\/www.gml.si\/hu\/wp-json\/wp\/v2\/pages\/12211\/revisions"}],"wp:attachment":[{"href":"https:\/\/www.gml.si\/hu\/wp-json\/wp\/v2\/media?parent=12211"}],"curies":[{"name":"wp","href":"https:\/\/api.w.org\/{rel}","templated":true}]}}