{"id":12238,"date":"2012-03-21T09:46:37","date_gmt":"2012-03-21T08:46:37","guid":{"rendered":"https:\/\/www.gml.si\/a-honlaprol\/"},"modified":"2025-11-09T08:53:00","modified_gmt":"2025-11-09T07:53:00","slug":"a-honlaprol","status":"publish","type":"page","link":"https:\/\/www.gml.si\/hu\/a-honlaprol\/","title":{"rendered":"A HONLAPR\u00d3L"},"content":{"rendered":"<p><em>K\u00eds\u00e9r\u0151sz\u00f6veg: <\/em><br \/>\n<a href=\"mailto:lyndvamuseum@yahoo.com\">Lendvai Kepe Zolt\u00e1n<\/a>, a Lendvai Gal\u00e9ria \u00e9s M\u00fazeum m\u00fazeumi tan\u00e1csosa, m\u00fazeumvezet\u0151<\/p>\n<hr \/>\n<p><em>A k\u00e9pz\u0151m\u0171v\u00e9szeti r\u00e9sz szerkeszt\u0151je:<\/em><br \/>\n<a href=\"mailto:dubi@gml.si\">Dubravko Baumgartner<\/a>, a Lendvai Gal\u00e9ria \u00e9s M\u00fazeum custosa, a GML igazgat\u00f3ja<\/p>\n<hr \/>\n<p><em>F\u00e9nyk\u00e9pek: <\/em><br \/>\nDubravko Baumgartner, Lendvai Kepe Zolt\u00e1n \u00e9s a lendvai Gal\u00e9ria-M\u00fazeum arch\u00edvuma<\/p>\n<p><span style=\"font-size: 10px;\">\u00a9 GML. A k\u00e9pek megjelentet\u00e9s\u00e9t a szerz\u0151k ill. a k\u00e9pek tulajdonosai enged\u00e9lyezt\u00e9k.<\/span><\/p>\n<hr \/>\n<p><em>A honlap grafikai terve: <\/em><br \/>\n<a href=\"mailto:p.orban2015@gmail.com\">Peter Orban<\/a><\/p>\n<hr \/>\n<p>A honlap a <a href=\"https:\/\/wordpress.org\/\">WordPress.org<\/a> ny\u00edlt forr\u00e1sk\u00f3d\u00fa tartalomkezel\u0151ben (CMS) k\u00e9sz\u00fclt.<\/p>\n<hr \/>\n<p><em>A honlap szolg\u00e1ltat\u00f3ja:<\/em><br \/>\n<a href=\"https:\/\/www.domovanje.com\/\">Domovanje.com<\/a><\/p>\n","protected":false},"excerpt":{"rendered":"<p>K\u00eds\u00e9r\u0151sz\u00f6veg: Lendvai Kepe Zolt\u00e1n, a Lendvai Gal\u00e9ria \u00e9s M\u00fazeum m\u00fazeumi tan\u00e1csosa, m\u00fazeumvezet\u0151 A k\u00e9pz\u0151m\u0171v\u00e9szeti r\u00e9sz szerkeszt\u0151je: Dubravko Baumgartner, a Lendvai Gal\u00e9ria \u00e9s M\u00fazeum custosa, a GML igazgat\u00f3ja F\u00e9nyk\u00e9pek: Dubravko Baumgartner, Lendvai Kepe Zolt\u00e1n \u00e9s a lendvai Gal\u00e9ria-M\u00fazeum arch\u00edvuma \u00a9 GML. &hellip; <a href=\"https:\/\/www.gml.si\/hu\/a-honlaprol\/\"><\/p>\n<p>B\u0151vebben <span class=\"meta-nav\">\u2192<\/span><\/a><\/p>\n","protected":false},"author":5,"featured_media":0,"parent":0,"menu_order":0,"comment_status":"closed","ping_status":"open","template":"","meta":{"inline_featured_image":false,"footnotes":""},"class_list":["post-12238","page","type-page","status-publish","hentry"],"_links":{"self":[{"href":"https:\/\/www.gml.si\/hu\/wp-json\/wp\/v2\/pages\/12238","targetHints":{"allow":["GET"]}}],"collection":[{"href":"https:\/\/www.gml.si\/hu\/wp-json\/wp\/v2\/pages"}],"about":[{"href":"https:\/\/www.gml.si\/hu\/wp-json\/wp\/v2\/types\/page"}],"author":[{"embeddable":true,"href":"https:\/\/www.gml.si\/hu\/wp-json\/wp\/v2\/users\/5"}],"replies":[{"embeddable":true,"href":"https:\/\/www.gml.si\/hu\/wp-json\/wp\/v2\/comments?post=12238"}],"version-history":[{"count":5,"href":"https:\/\/www.gml.si\/hu\/wp-json\/wp\/v2\/pages\/12238\/revisions"}],"predecessor-version":[{"id":19144,"href":"https:\/\/www.gml.si\/hu\/wp-json\/wp\/v2\/pages\/12238\/revisions\/19144"}],"wp:attachment":[{"href":"https:\/\/www.gml.si\/hu\/wp-json\/wp\/v2\/media?parent=12238"}],"curies":[{"name":"wp","href":"https:\/\/api.w.org\/{rel}","templated":true}]}}