{"id":12253,"date":"2014-04-02T13:19:39","date_gmt":"2014-04-02T11:19:39","guid":{"rendered":"https:\/\/www.gml.si\/lendvai-zsinagoga\/"},"modified":"2014-04-02T13:19:39","modified_gmt":"2014-04-02T11:19:39","slug":"lendvai-zsinagoga","status":"publish","type":"page","link":"https:\/\/www.gml.si\/hu\/lendvai-zsinagoga\/","title":{"rendered":"Lendvai Zsinag\u00f3ga"},"content":{"rendered":"<p><em><strong>Zsinag\u00f3ga, temet\u0151, zsid\u00f3s\u00e1g<\/strong><\/em><\/p>\n<p>A f\u0151k\u00e9nt urb\u00e1nus k\u00f6zpontokban letelepedett zsid\u00f3s\u00e1g Lendv\u00e1n (1955-ig Als\u00f3lendva) a gazdas\u00e1g \u00e9s a lendvai polg\u00e1rosod\u00e1s fontos t\u00e9nyez\u0151j\u00e9t k\u00e9pezte, err\u0151l tan\u00faskodnak a lendvai F\u0151utca l\u00e9tes\u00edtm\u00e9nyei is. Egy\u00e9bk\u00e9nt Lendv\u00e1n maradt fenn a muravid\u00e9ki zsid\u00f3s\u00e1ghoz f\u0171z\u0151d\u0151 legt\u00f6bb eml\u00e9k.<\/p>\n<p>1867 ut\u00e1n, amikor Ausztria \u00e9s Magyarorsz\u00e1g k\u00f6z\u00f6tt szorosabb lett a kapcsolat \u00e9s megalakul az Osztr\u00e1k-Magyar Monarchia, Lendva ker\u00fcleti k\u00f6zpont lett, ennek k\u00f6vetkezt\u00e9ben a v\u00e1ros gyors, ugr\u00e1sszer\u0171 fejl\u0151d\u00e9snek indult. A polg\u00e1rosod\u00e1s jelei az al\u00e1bbiakban mutatkoztak meg: a k\u00f6zjegyz\u0151s\u00e9g, b\u00edr\u00f3s\u00e1g, takar\u00e9kp\u00e9nzt\u00e1rak, t\u0171zolt\u00f3 egyes\u00fclet, polg\u00e1ri iskola, utcai megvil\u00e1g\u00edt\u00e1s, vas\u00fat, sz\u00e1lloda, eserny\u0151gy\u00e1r, t\u00e9glagy\u00e1r, stb. <\/p>\n<p>A v\u00e1rosi lakoss\u00e1g nemzetis\u00e9gi \u00e9s vall\u00e1si tekintetben nagyon heterog\u00e9n volt. A katolikusok mellett sz\u00e9p sz\u00e1mban \u00e9ltek evang\u00e9likusok, a 18. sz\u00e1zad m\u00e1sodik fel\u00e9t\u0151l pedig elkezd\u0151d\u00f6tt a zsid\u00f3s\u00e1g leteleped\u00e9se is. Jelent\u0151s \u00e9s befoly\u00e1sos zsid\u00f3k\u00f6z\u00f6ss\u00e9g alakult ki.<\/p>\n<p>A zsid\u00f3k keresked\u0151k, kisiparosok, vend\u00e9gl\u0151s\u00f6k, orvosok, takar\u00e9kp\u00e9nzt\u00e1rok alap\u00edt\u00f3i, ipari \u00fczemek tulajdonosai, \u00fcgyv\u00e9dek \u00e9s a v\u00e1ros befoly\u00e1sos, gyakran vezet\u0151 szem\u00e9lyis\u00e9gei voltak. A lendvai polg\u00e1rosod\u00e1s f\u00e9nykor\u00e1nak vezet\u0151 szem\u00e9lyis\u00e9geit jelentett\u00e9k.<\/p>\n<p>1866-ban, Schacherlesz M\u00f3zes rabbi szolg\u00e1lata idej\u00e9n kezdt\u00e9k meg a ma is \u00e1ll\u00f3 zsinag\u00f3ga \u00e9p\u00edt\u00e9s\u00e9t, amely a maribori zsinag\u00f3ga mellett egyetlen m\u00e9g ma is l\u00e9tez\u0151 zsinag\u00f3ga Szlov\u00e9ni\u00e1ban. Az egyszer\u0171, de csod\u00e1latos egyemeletes monolit \u00e9p\u00fcletet mintegy n\u00e9gyzetalapon s\u00e1tortet\u0151 fedi, homlokzat\u00e1t pilaszterek \u00e9s a tet\u0151 alatti konk\u00e1v koszor\u00fa tagolj\u00e1k.<\/p>\n<p>A zsinag\u00f3g\u00e1ban 80 \u00fcl\u0151hely volt a f\u00e9rfiak sz\u00e1m\u00e1ra \u00e9s a gal\u00e9riar\u00e9szen pedig 60 a n\u0151k sz\u00e1m\u00e1ra. Jelenleg a zsinag\u00f3ga belsej\u00e9t a gal\u00e9ri\u00e1t t\u00e1maszt\u00f3 hat aranyozott hornyolt vaspill\u00e9r d\u00edsz\u00edti korinthoszi oszlopf\u0151vel.<\/p>\n<p>Az eredeti berendez\u00e9sb\u0151l csup\u00e1n az \u00f3ra maradt fenn. Szakr\u00e1lis l\u00e9tes\u00edtm\u00e9nyk\u00e9nt a zsinag\u00f3ga 1944-ig m\u0171k\u00f6d\u00f6tt, amikor a zsid\u00f3k elhurcol\u00e1s\u00e1t k\u00f6vet\u0151en megsz\u0171ntek a vall\u00e1si szertart\u00e1sok.<\/p>\n<p>Az \u00e9vtizedes degrad\u00e1l\u00e1st k\u00f6vet\u0151en a 20. sz\u00e1zad 90-es \u00e9veiben a zsinag\u00f3g\u00e1t fel\u00faj\u00edtott\u00e1k \u00e9s jelenleg ki\u00e1ll\u00edt\u00f3- \u00e9s rendezv\u00e9nyteremk\u00e9nt m\u0171k\u00f6dik. A zsinag\u00f3g\u00e1ban megtekinthet\u0151 a lendvai zsid\u00f3s\u00e1got bemutat\u00f3 \u00e1lland\u00f3 ki\u00e1ll\u00edt\u00e1s.<\/p>\n<p>A zsinag\u00f3ga k\u00f6zel\u00e9ben 1850-ben zsid\u00f3iskol\u00e1t alap\u00edtottak, amely 1921-ig m\u0171k\u00f6d\u00f6tt. Az \u00e9p\u00fcletben lak\u00e1st rendeztek be a rabbi r\u00e9sz\u00e9re. Az \u00e9p\u00fclet \u00e1llaga folyamatosan romlott, m\u00edg a 90-es \u00e9vek v\u00e9g\u00e9re romba d\u0151lt. Az utols\u00f3 tan\u00edt\u00f3n\u0151 Br\u00fcnner Hermina volt, sz\u00fcletett L\u00f6wenstein, akinek s\u00edrk\u0151vel megjel\u00f6lt s\u00edrj\u00e1t a lendvai zsid\u00f3temet\u0151ben tal\u00e1lhatjuk Hossz\u00fafaluban.<\/p>\n<p>A zsid\u00f3k halottjaikat 1850-t\u0151l temett\u00e9k ide, a temet\u0151t 1880-ban kib\u0151v\u00edtett\u00e9k, ezt k\u00f6vet\u0151en meg\u00e9p\u00edtett\u00e9k a halottash\u00e1zat is. Muravid\u00e9ken ez az egyetlen, \u00e9ps\u00e9gben fennmaradt zsid\u00f3temet\u0151. A Jeruzs\u00e1lem fel\u00e9 n\u00e9z\u0151 s\u00edrk\u00f6veken latin \u00e9s h\u00e9ber bet\u0171s \u00edr\u00e1ssal tipikus zsid\u00f3nevek tal\u00e1lhat\u00f3k.<\/p>\n<p>A temet\u0151 gondozott \u00e9s rendezett, holott a lendvai zsid\u00f3s\u00e1gnak ma m\u00e1r r\u00e9g nincsenek lesz\u00e1rmazottai. Ennek k\u00f6vetkezt\u00e9ben a vir\u00e1gok \u00e9s a gyerty\u00e1k helyett a zsid\u00f3 s\u00edrokon elhelyezett kavicsok is megfogyatkoztak.<\/p>\n<p>A zsid\u00f3s\u00e1g \u00e9letvitele elv\u00e1laszthatatlanul \u00f6sszef\u00fcgg\u00f6tt a vall\u00e1ssal, az erk\u00f6lcsi parancsolatokkal, a ritu\u00e1l\u00e9val \u00e9s az el\u0151\u00edr\u00e1sokkal.<\/p>\n<p>Az als\u00f3lendvai zsid\u00f3s\u00e1g is nagy hangs\u00falyt helyezett a k\u00f6z\u00f6ss\u00e9ghez val\u00f3 tartoz\u00e1sra \u00e9s az \u00e9let bizonyos r\u00e9szleteiben (\u00e9tkez\u00e9s, iskola, vall\u00e1si szertart\u00e1sok, ruh\u00e1zat) k\u00fcl\u00f6nb\u00f6ztek m\u00e1sokt\u00f3l. Fontos volt sz\u00e1mukra a k\u00e9pzetts\u00e9g, teh\u00e1t a k\u00f6z\u00f6ss\u00e9g sz\u00e1mos tagja f\u0151iskolai v\u00e9gzetts\u00e9ggel rendelkezett, \u00e9s ennek k\u00f6vetkezt\u00e9ben a v\u00e1rosi k\u00f6z\u00e9letben a jelent\u0151s funkci\u00f3kat t\u00f6lt\u00f6ttek be.<\/p>\n<p>Mint a muravid\u00e9ki zsid\u00f3s\u00e1g t\u00f6bbs\u00e9ge a 2. vil\u00e1gh\u00e1bor\u00fa el\u0151tt a lendvai zsid\u00f3s\u00e1g is neol\u00f3g volt, noha az 1. vil\u00e1gh\u00e1bor\u00fa el\u0151tt a v\u00e1rosban n\u00e9h\u00e1ny ortodox zsid\u00f3 csal\u00e1d is \u00e9lt, de ezek az \u00e9vek sor\u00e1n asszimil\u00e1l\u00f3dtak. A t\u00e1rsalg\u00e1si nyelvek k\u00f6z\u00f6tt a magyart, a n\u00e9metet \u00e9s a horv\u00e1tot besz\u00e9lt\u00e9k z\u00f6mmel.<\/p>\n<p>Az 1941-es megsz\u00e1ll\u00e1st k\u00f6vet\u0151en a lendvai zsid\u00f3s\u00e1g is zaklat\u00e1soknak volt kit\u00e9ve, elvett\u00e9k t\u0151l\u00fck a kisipari tev\u00e9kenys\u00e9g\u00fckh\u00f6z \u00e9s foglalkoz\u00e1sukhoz val\u00f3 jogosults\u00e1gukat, 1944. \u00e1prilis 1. pedig a d\u00e1vidcsillag visel\u00e9s\u00e9re k\u00e9nyszer\u00edttett\u00e9k \u0151ket. 1944. \u00e1prilis 26-\u00e1n a magyar csend\u0151rs\u00e9g parancs\u00e1ra jelentkezni\u00fck kellett a zsinag\u00f3g\u00e1ban, m\u00e1snap elvitt\u00e9k \u0151ket egy hossz\u00fa \u00fatra, ahonnan nem volt visszat\u00e9r\u00e9s &#8211; Auschwitzba!<\/p>\n","protected":false},"excerpt":{"rendered":"<p>Zsinag\u00f3ga, temet\u0151, zsid\u00f3s\u00e1g A f\u0151k\u00e9nt urb\u00e1nus k\u00f6zpontokban letelepedett zsid\u00f3s\u00e1g Lendv\u00e1n (1955-ig Als\u00f3lendva) a gazdas\u00e1g \u00e9s a lendvai polg\u00e1rosod\u00e1s fontos t\u00e9nyez\u0151j\u00e9t k\u00e9pezte, err\u0151l tan\u00faskodnak a lendvai F\u0151utca l\u00e9tes\u00edtm\u00e9nyei is. Egy\u00e9bk\u00e9nt Lendv\u00e1n maradt fenn a muravid\u00e9ki zsid\u00f3s\u00e1ghoz f\u0171z\u0151d\u0151 legt\u00f6bb eml\u00e9k. 1867 ut\u00e1n, &hellip; <a href=\"https:\/\/www.gml.si\/hu\/lendvai-zsinagoga\/\"><\/p>\n<p>B\u0151vebben <span class=\"meta-nav\">\u2192<\/span><\/a><\/p>\n","protected":false},"author":5,"featured_media":0,"parent":0,"menu_order":0,"comment_status":"closed","ping_status":"closed","template":"","meta":{"inline_featured_image":false,"footnotes":""},"class_list":["post-12253","page","type-page","status-publish","hentry"],"_links":{"self":[{"href":"https:\/\/www.gml.si\/hu\/wp-json\/wp\/v2\/pages\/12253","targetHints":{"allow":["GET"]}}],"collection":[{"href":"https:\/\/www.gml.si\/hu\/wp-json\/wp\/v2\/pages"}],"about":[{"href":"https:\/\/www.gml.si\/hu\/wp-json\/wp\/v2\/types\/page"}],"author":[{"embeddable":true,"href":"https:\/\/www.gml.si\/hu\/wp-json\/wp\/v2\/users\/5"}],"replies":[{"embeddable":true,"href":"https:\/\/www.gml.si\/hu\/wp-json\/wp\/v2\/comments?post=12253"}],"version-history":[{"count":0,"href":"https:\/\/www.gml.si\/hu\/wp-json\/wp\/v2\/pages\/12253\/revisions"}],"wp:attachment":[{"href":"https:\/\/www.gml.si\/hu\/wp-json\/wp\/v2\/media?parent=12253"}],"curies":[{"name":"wp","href":"https:\/\/api.w.org\/{rel}","templated":true}]}}