{"id":12256,"date":"2014-04-25T09:20:06","date_gmt":"2014-04-25T07:20:06","guid":{"rendered":"https:\/\/www.gml.si\/gyujtemenyek\/"},"modified":"2024-05-06T19:39:00","modified_gmt":"2024-05-06T17:39:00","slug":"gyujtemenyek","status":"publish","type":"page","link":"https:\/\/www.gml.si\/hu\/gyujtemenyek\/","title":{"rendered":"GY\u0170JTEM\u00c9NYEK"},"content":{"rendered":"<p><iframe loading=\"lazy\" src=\"https:\/\/www.youtube.com\/embed\/PgKLN75bq3s\" width=\"640\" height=\"360\" frameborder=\"0\" allowfullscreen=\"allowfullscreen\"><\/iframe><\/p>\n<hr \/>\n<p data-wp-editing=\"1\"><a href=\"https:\/\/www.gml.si\/hu\/allando-kiallitas-lendva-videk-neprajzi-oroksege\/\"><img loading=\"lazy\" decoding=\"async\" class=\"size-thumbnail wp-image-14771 alignleft\" src=\"http:\/\/www.gml.si\/wp-content\/uploads\/2022\/04\/GML_etno_2022_3-120x120.jpg\" alt=\"\" width=\"120\" height=\"120\" \/>Lendva-vid\u00e9k n\u00e9prajzi \u00f6r\u00f6ks\u00e9ge<\/a><\/p>\n<p>A ki\u00e1ll\u00edt\u00e1s a t\u00f6rt\u00e9neti Lendva-vid\u00e9k n\u00e9prajzi \u00f6r\u00f6ks\u00e9g\u00e9t mutatja be a 19. sz\u00e1zadt\u00f3l a 20. sz\u00e1zad k\u00f6zep\u00e9ig. A vid\u00e9k paraszti t\u00e1rsadalm\u00e1nak legfontosabb tev\u00e9kenys\u00e9geit, azaz a mez\u0151gazdas\u00e1got, \u00e1llatart\u00e1st \u00e9s a mesters\u00e9geket egy-egy jellegzetes t\u00e1rgy reprezent\u00e1lja.<\/p>\n<hr \/>\n<p><a href=\"http:\/\/www.gml.si\/hu\/zbirka-kultura-hetiskega-ljudskega-tekstila\/\"><img loading=\"lazy\" decoding=\"async\" class=\"alignleft wp-image-7570 size-thumbnail\" src=\"https:\/\/www.gml.si\/wp-content\/uploads\/2011\/01\/02_stalne_zbirke_hetisko_01-120x120.jpg\" alt=\"Kultura heti\u0161kega ljudskega tekstila \u2022 N\u00e9prajzi ki\u00e1ll\u00edt\u00e1s: A het\u00e9si n\u00e9pi textilkult\u00fara \u2022 Kultura heti\u0161kega ljudskega tekstila\" width=\"120\" height=\"120\" \/>A het\u00e9si n\u00e9pi textilkult\u00fara <br \/>\n<\/a><em><span style=\"font-size: small;\">N\u00e9prajzi ki\u00e1ll\u00edt\u00e1s<\/span><\/em><\/p>\n<p>A het\u00e9si n\u00e9pi text\u00edlia, kis archaikus szigetet k\u00e9pezve a k\u00f6z\u00e9p-eur\u00f3pai t\u00e9rs\u00e9gben, m\u00e9g \u00e9l. A lendvai v\u00e1rban tal\u00e1lhat\u00f3 \u00e1lland\u00f3 ki\u00e1ll\u00edt\u00e1s h\u00e9t t\u00e9mak\u00f6rre oszlik.<\/p>\n<hr \/>\n<p><a href=\"http:\/\/www.gml.si\/hu\/zbirke-lapidarij-in-sakralna-dediscina-lendave\/\"><img loading=\"lazy\" decoding=\"async\" class=\"alignleft wp-image-9320 size-thumbnail\" src=\"https:\/\/www.gml.si\/wp-content\/uploads\/2011\/01\/lapidarij_01-120x120.jpg\" alt=\"lapidarij_01\" width=\"120\" height=\"120\" \/>K\u0151t\u00e1r \u00e9s Lendva-vid\u00e9k szakr\u00e1lis \u00f6r\u00f6ks\u00e9ge <\/a><em><span style=\"font-size: small;\"><br \/>\nLendva-vid\u00e9k k\u0151maradv\u00e1nyainak \u00e9s szakr\u00e1lis t\u00e1rgyainak ki\u00e1ll\u00edt\u00e1sa<\/span><\/em><\/p>\n<p>A lendvai v\u00e1r folyos\u00f3j\u00e1n kisebb lapid\u00e1riumot rendezt\u00fcnk be, amelyben helyet kaptak az egykori v\u00e1rfal maradv\u00e1nyai, valamint h\u00e1rom barokk szobor Lendva-vid\u00e9kr\u0151l.<\/p>\n<hr \/>\n<p><a href=\"http:\/\/www.gml.si\/hu\/zbirka-spominska-soba-gyorgya-zale\/\"><img loading=\"lazy\" decoding=\"async\" class=\"alignleft wp-image-7566 size-thumbnail\" src=\"https:\/\/www.gml.si\/wp-content\/uploads\/2011\/01\/02_stalne_zbirke_zala_gyorgy_01-120x120.jpg\" alt=\"Spominska soba Gy\u00f6rgya Zale \u2022 Zala Gy\u00f6rgy-eml\u00e9kszoba \u2022 Zala Gy\u00f6rgy memorial room\" width=\"120\" height=\"120\" \/>Zala Gy\u00f6rgy-eml\u00e9kszoba <br \/>\n<\/a><em><span style=\"font-size: small;\"><strong>Zala Gy\u00f6rgy<\/strong> (1858 \u20131937) \u2013 szobr\u00e1szm\u0171v\u00e9sz, Als\u00f3lendv\u00e1n sz\u00fcletett<\/span><\/em><\/p>\n<p>Zala Gy\u00f6rgy szobr\u00e1szm\u0171v\u00e9sz, egyik legh\u00edresebb hazafi Als\u00f3lendv\u00e1n, egy polg\u00e1ri csal\u00e1dban sz\u00fcletett (1858-1937). A sz\u00e1zadfordul\u00f3 egyik legismertebb, legtev\u00e9kenyebb \u00e9s legelsz\u00e1ntabb szobr\u00e1szm\u0171v\u00e9sze a magyar t\u00f6rt\u00e9nelem sz\u00e1mos h\u0151si, \u00e9s egy\u00fattal tragikus pillanat\u00e1t \u00e9s szem\u00e9lyis\u00e9g\u00e9t form\u00e1zta meg.<\/p>\n<hr \/>\n<p><a href=\"http:\/\/www.gml.si\/hu\/zbirka-spominska-soba-stefana-galica\/\"><img loading=\"lazy\" decoding=\"async\" class=\"alignleft wp-image-7684 size-thumbnail\" src=\"https:\/\/www.gml.si\/wp-content\/uploads\/2011\/01\/galic_stefan_03-120x120.jpg\" alt=\"Lesorez \u0160tefana Gali\u010da - G\u00e1lics Istv\u00e1n fametszete - Woodcut by Stefan Gali\u010d\" width=\"120\" height=\"120\" \/>G\u00e1lics Istv\u00e1n eml\u00e9kszob\u00e1ja \u00e9s lepkegy\u0171jtem\u00e9nye<\/a> <br \/>\n<span style=\"font-size: small;\"><em><strong>G\u00e1lics Istv\u00e1n <\/strong>(1944-1997) \u2013 fest\u0151m\u0171v\u00e9sz \u00e9s grafikus<\/em><\/span><\/p>\n<p>G\u00e1lics Istv\u00e1nt a sz\u0171kebb \u00e9s sz\u00e9lesebb k\u00f6rnyezet\u00e9ben f\u0151leg a grafikai tev\u00e9kenys\u00e9g\u00e9r\u0151l ismerik. Az elm\u00falt \u00e9vsz\u00e1zad legnevezetesebb szlov\u00e9n fametsz\u0151i k\u00f6z\u00e9 tartozik.<\/p>\n<hr \/>\n<p><a href=\"http:\/\/www.gml.si\/hu\/zbirka-male-plastike-v-bronu-mednarodna-likovna-kolonija-lendava\/\"><img loading=\"lazy\" decoding=\"async\" class=\"alignleft size-thumbnail wp-image-7724\" src=\"https:\/\/www.gml.si\/wp-content\/uploads\/2011\/01\/mala_plastika_Jakov_Brdar-120x120.jpg\" alt=\"Jakov Brdar: Ribji pogled \/ Haltekintet \/ Fish View, 2006, bron \/ bronz \/ bronze\" width=\"120\" height=\"120\" srcset=\"https:\/\/www.gml.si\/wp-content\/uploads\/2011\/01\/mala_plastika_Jakov_Brdar-120x120.jpg 120w, https:\/\/www.gml.si\/wp-content\/uploads\/2011\/01\/mala_plastika_Jakov_Brdar-500x495.jpg 500w, https:\/\/www.gml.si\/wp-content\/uploads\/2011\/01\/mala_plastika_Jakov_Brdar.jpg 707w\" sizes=\"auto, (max-width: 120px) 100vw, 120px\" \/>Bronzszobor-gy\u0171jtem\u00e9ny (Nemzetk\u00f6zi M\u0171v\u00e9sztelep, Lendva)<\/a> <br \/>\n<span style=\"font-size: small;\"><em>A lendvai Nemzetk\u00f6zi M\u0171v\u00e9sztelepen k\u00e9sz\u00fclt bronzszobrok gy\u0171jtem\u00e9nye<\/em><\/span><\/p>\n<p>A Gal\u00e9ria-M\u00fazeum Lendva alaptev\u00e9kenys\u00e9gei k\u00f6z\u00e9 m\u00e1r kezdetekt\u0151l fogva soroland\u00f3 a k\u00e9pz\u0151m\u0171v\u00e9szeti ter\u00fclet. 1973-t\u00f3l minden \u00e9vben a lendvai v\u00e1rban megrendez\u00e9sre ker\u00fcl a Lendvai Nemzetk\u00f6zi M\u0171v\u00e9sztelep. A Gal\u00e9ria-M\u00fazeum Lendva 2005-t\u0151l mozgathat\u00f3 \u00f6nt\u00f6d\u00e9t kapott, amely seg\u00edts\u00e9g\u00e9vel megpr\u00f3b\u00e1ljuk meg\u0151rizni az antik bronz\u00f6nt\u00e9si technik\u00e1kat a j\u00f6v\u0151 gener\u00e1ci\u00f3inak.<\/p>\n<hr \/>\n<p><a href=\"http:\/\/www.gml.si\/muzejska-depandansa\/\"><img loading=\"lazy\" decoding=\"async\" class=\"alignleft wp-image-7766 size-thumbnail\" src=\"https:\/\/www.gml.si\/wp-content\/uploads\/2012\/02\/muzej_glavna_52_lendava-120x120.jpg\" alt=\"Muzej na glavni ulici 52 \/ F\u0151 utca 52. - m\u00fazeum\" width=\"120\" height=\"120\" \/>V\u00c1ROSI FI\u00d3KGY\u0170JTEM\u00c9NY<\/a> <br \/>\n<span style=\"font-size: small;\"><em><strong>Lendva polg\u00e1rosod\u00e1sa, nyomd\u00e1szata \u00e9s erny\u0151gy\u00e1rt\u00e1sa<\/strong> <br \/>\nLendva, F\u0151 utca 52<\/em><\/span><\/p>\n<p>A Lendva v\u00e1ros polg\u00e1rosod\u00e1sa, nyomd\u00e1szata \u00e9s erny\u0151gy\u00e1rt\u00e1sa c\u00edm\u0171 helyt\u00f6rt\u00e9neti ki\u00e1ll\u00edt\u00e1snak a F\u0151 utca 52. sz\u00e1m alatt \u00e1ll\u00f3 egykori polg\u00e1rh\u00e1z ad otthont.<\/p>\n","protected":false},"excerpt":{"rendered":"<p>Lendva-vid\u00e9k n\u00e9prajzi \u00f6r\u00f6ks\u00e9ge A ki\u00e1ll\u00edt\u00e1s a t\u00f6rt\u00e9neti Lendva-vid\u00e9k n\u00e9prajzi \u00f6r\u00f6ks\u00e9g\u00e9t mutatja be a 19. sz\u00e1zadt\u00f3l a 20. sz\u00e1zad k\u00f6zep\u00e9ig. A vid\u00e9k paraszti t\u00e1rsadalm\u00e1nak legfontosabb tev\u00e9kenys\u00e9geit, azaz a mez\u0151gazdas\u00e1got, \u00e1llatart\u00e1st \u00e9s a mesters\u00e9geket egy-egy jellegzetes t\u00e1rgy reprezent\u00e1lja. A het\u00e9si n\u00e9pi textilkult\u00fara &hellip; <a href=\"https:\/\/www.gml.si\/hu\/gyujtemenyek\/\"><\/p>\n<p>B\u0151vebben <span class=\"meta-nav\">\u2192<\/span><\/a><\/p>\n","protected":false},"author":5,"featured_media":0,"parent":0,"menu_order":0,"comment_status":"closed","ping_status":"closed","template":"","meta":{"inline_featured_image":false,"footnotes":""},"class_list":["post-12256","page","type-page","status-publish","hentry"],"_links":{"self":[{"href":"https:\/\/www.gml.si\/hu\/wp-json\/wp\/v2\/pages\/12256","targetHints":{"allow":["GET"]}}],"collection":[{"href":"https:\/\/www.gml.si\/hu\/wp-json\/wp\/v2\/pages"}],"about":[{"href":"https:\/\/www.gml.si\/hu\/wp-json\/wp\/v2\/types\/page"}],"author":[{"embeddable":true,"href":"https:\/\/www.gml.si\/hu\/wp-json\/wp\/v2\/users\/5"}],"replies":[{"embeddable":true,"href":"https:\/\/www.gml.si\/hu\/wp-json\/wp\/v2\/comments?post=12256"}],"version-history":[{"count":2,"href":"https:\/\/www.gml.si\/hu\/wp-json\/wp\/v2\/pages\/12256\/revisions"}],"predecessor-version":[{"id":17668,"href":"https:\/\/www.gml.si\/hu\/wp-json\/wp\/v2\/pages\/12256\/revisions\/17668"}],"wp:attachment":[{"href":"https:\/\/www.gml.si\/hu\/wp-json\/wp\/v2\/media?parent=12256"}],"curies":[{"name":"wp","href":"https:\/\/api.w.org\/{rel}","templated":true}]}}