{"id":12268,"date":"2020-02-14T19:31:14","date_gmt":"2020-02-14T18:31:14","guid":{"rendered":"https:\/\/www.gml.si\/az-intezetrol-belepodijak-es-arlistak-nagy-kiallitas\/"},"modified":"2020-02-14T19:31:14","modified_gmt":"2020-02-14T18:31:14","slug":"az-intezetrol-belepodijak-es-arlistak-nagy-kiallitas","status":"publish","type":"page","link":"https:\/\/www.gml.si\/hu\/az-intezetrol-belepodijak-es-arlistak-nagy-kiallitas\/","title":{"rendered":"Az int\u00e9zetr\u0151l: BEL\u00c9P\u0150D\u00cdJAK \u00c9S \u00c1RLIST\u00c1K (nagy ki\u00e1ll\u00edt\u00e1s)"},"content":{"rendered":"<p>A GML \u00e1ltal \u00fczemeltetett \u00e9p\u00fcletek list\u00e1ja:<\/p>\n<ol>\n<li><a href=\"#grad\">Lendvai v\u00e1r<\/a><\/li>\n<li><a href=\"#muzejmescanstva\">Lendva polg\u00e1rosod\u00e1sa, nyomd\u00e1szata \u00e9s erny\u0151gy\u00e1rt\u00e1sa<\/a><\/li>\n<li><a href=\"#sinagoga\">Lendvai Zsinag\u00f3ga<\/a><\/li>\n<\/ol>\n<hr \/>\n<h2><a id=\"grad\"><\/a><strong>1. LENDVAI V\u00c1R<\/strong><\/h2>\n<table style=\"width: 100%; background-color: #ffffff;\" border=\"0\" cellpadding=\"5\">\n<tbody>\n<tr style=\"background-color: #caebd1;\">\n<td><strong>Bel\u00e9p\u0151d\u00edjak a lendvai v\u00e1rban<\/strong><\/td>\n<td style=\"text-align: right; height: 24px; width: 30%;\"><strong>\u00c1rak EUR-ban*<\/strong><\/td>\n<\/tr>\n<tr style=\"background-color: #f3f3f3;\">\n<td colspan=\"2\"><strong><em>Hundertwasser &amp; Hasegawa \u00e9s Christo &amp; Jeanne Claude c\u00edm\u0171 ki\u00e1ll\u00edt\u00e1sok + \u00e1lland\u00f3 ki\u00e1ll\u00edt\u00e1sok:<\/em><\/strong><\/td>\n<\/tr>\n<tr>\n<td>Feln\u0151tt<sup>1<\/sup><\/td>\n<td style=\"text-align: right; height: 24px;\"><strong>6,00 \u20ac<\/strong><\/td>\n<\/tr>\n<tr style=\"background-color: #f3f3f3;\">\n<td>Nyugd\u00edjas<sup>1<\/sup><\/td>\n<td style=\"text-align: right;\"><strong>5,00 \u20ac<\/strong><\/td>\n<\/tr>\n<tr>\n<td>Gyerekek (7 \u00e9v felett), di\u00e1kok, egyetemist\u00e1k<sup>1<\/sup><\/td>\n<td style=\"text-align: right; height: 24px;\"><strong>2,00 \u20ac<\/strong><\/td>\n<\/tr>\n<tr style=\"background-color: #f3f3f3;\">\n<td>10 szem\u00e9ly feletti csoportok<sup>1<\/sup><\/td>\n<td style=\"text-align: right; height: 24px;\"><strong>5,00 \u20ac<\/strong><\/td>\n<\/tr>\n<tr>\n<td>Csoportoknak munkaid\u0151n k\u00edv\u00fcl<sup>1<\/sup><\/td>\n<td style=\"text-align: right; height: 24px;\"><strong>8,00 \u20ac<\/strong><\/td>\n<\/tr>\n<tr style=\"background-color: #f3f3f3;\">\n<td>Ingyenes bel\u00e9p\u00e9s a k\u00f6vetkez\u0151 szem\u00e9lyeknek: ICOM k\u00e1rty\u00e1val rendelkez\u0151k, munkan\u00e9lk\u00fcli szem\u00e9lyek<sup>2<\/sup>, PRESS (sajt\u00f3 \u00e9s m\u00e9dia) \u00e9s t\u00e1mogat\u00f3k<\/td>\n<td style=\"text-align: right; height: 24px;\"><strong>0,00 \u20ac<\/strong><\/td>\n<\/tr>\n<\/tbody>\n<\/table>\n<p><span style=\"font-size: 12px;\">1 &#8211; az \u00e1r szem\u00e9lyenk\u00e9nt \u00e9rtend\u0151<br \/>\n<\/span><span style=\"font-size: 12px;\">2 &#8211; Munkan\u00e9lk\u00fcli szem\u00e9lyek: Ingyenes bel\u00e9p\u00e9s munkan\u00e9lk\u00fcli szem\u00e9lyek sz\u00e1m\u00e1ra, amennyiben beb\u00edzonyitja munkan\u00e9lk\u00fcli st\u00e1tusz\u00e1t.<br \/>\n<\/span><span style=\"font-size: 12px;\">* Az \u00e1rak \u00c1FA nelk\u00fcl vannak felt\u00fcntetve (\u00c1FA-mentesek). A Gal\u00e9ria-M\u00fazeum Lendva k\u00f6zint\u00e9zm\u00e9ny nem ad\u00f3k\u00f6teles.<\/span><\/p>\n<hr \/>\n<p><strong><span style=\"font-size: 20px;\"><span style=\"color: #008000;\">\u00daJDONS\u00c1G: <\/span>Szakmai t\u00e1rlatvezet\u00e9s <em>Az egyetemes m\u0171v\u00e9szet \u00f3ri\u00e1sai<\/em> c\u00edm\u0171 ki\u00e1ll\u00edt\u00e1s-sorozat aktu\u00e1lis t\u00e1rlat\u00e1n<\/span><\/strong><\/p>\n<table style=\"width: 100%; background-color: #ffffff; height: 144px;\" border=\"0\" cellpadding=\"5\">\n<tbody>\n<tr style=\"background-color: #caebd1;\">\n<td style=\"height: 24px;\"><strong>Szakmai t\u00e1rlatvezet\u00e9s csoportoknak<\/strong><\/td>\n<td style=\"text-align: right;\"><strong>\u00c1rak EUR-ban*<\/strong><\/td>\n<\/tr>\n<tr>\n<td style=\"width: 70%;\">10 f\u0151 alatti csoport &#8211; bel\u00e9p\u0151jegy (a fenti \u00e1rlista szerint)<\/td>\n<td style=\"width: 30%; text-align: right;\"><strong>+ 30 \u20ac\/f\u0151<\/strong><\/td>\n<\/tr>\n<tr>\n<td style=\"width: 70%;\">10 f\u0151 feletti csoport &#8211; bel\u00e9p\u0151jegy (a fenti \u00e1rlista szerint)<\/td>\n<td style=\"width: 30%; text-align: right;\"><strong>+ 2,5 \u20ac\/f\u0151<\/strong><\/td>\n<\/tr>\n<\/tbody>\n<\/table>\n<p><span style=\"font-size: 12px;\">FIGYELEM: A szakmai t\u00e1rlatvezet\u00e9sre <strong>el\u0151zetes bejelentkez\u00e9s<\/strong> ut\u00e1n van lehet\u0151s\u00e9g (3 nappal az \u00e9rkez\u00e9s el\u0151tt).<\/span><\/p>\n<hr \/>\n<h2><a id=\"muzejmescanstva\"><\/a><strong>2. LENDVA POLG\u00c1ROSOD\u00c1SA, NYOMD\u00c1SZATA \u00c9S ERNY\u0150GY\u00c1RT\u00c1SA<\/strong><\/h2>\n<table style=\"width: 100%; background-color: #ffffff;\" border=\"0\" cellpadding=\"5\">\n<tbody>\n<tr style=\"background-color: #caebd1;\">\n<td><strong>Bel\u00e9p\u0151d\u00edjak a Polg\u00e1rosod\u00e1s m\u00fazeum\u00e1ban<\/strong><\/td>\n<td style=\"text-align: right; height: 24px; width: 30%;\"><strong>\u00c1rak EUR-ban*<\/strong><\/td>\n<\/tr>\n<tr>\n<td>Feln\u0151tt<sup>1<\/sup><\/td>\n<td style=\"text-align: right; height: 24px;\"><strong>2,50 \u20ac<\/strong><\/td>\n<\/tr>\n<tr style=\"background-color: #f3f3f3;\">\n<td>Nyugd\u00edjas<sup>1<\/sup><\/td>\n<td style=\"text-align: right;\"><strong>2,00 \u20ac<\/strong><\/td>\n<\/tr>\n<tr>\n<td>Gyerekek (7 \u00e9v felett), di\u00e1kok, egyetemist\u00e1k<sup>1<\/sup><\/td>\n<td style=\"text-align: right; height: 24px;\"><strong>1,00 \u20ac<\/strong><\/td>\n<\/tr>\n<tr style=\"background-color: #f3f3f3;\">\n<td>10 szem\u00e9ly feletti csoportok<sup>1<\/sup><\/td>\n<td style=\"text-align: right; height: 24px;\"><strong>2,00 \u20ac<\/strong><\/td>\n<\/tr>\n<tr>\n<td>Csoportoknak munkaid\u0151n k\u00edv\u00fcl<sup>1<\/sup><\/td>\n<td style=\"text-align: right; height: 24px;\"><strong>5,00 \u20ac<\/strong><\/td>\n<\/tr>\n<tr style=\"background-color: #f3f3f3;\">\n<td>Ingyenes bel\u00e9p\u00e9s a k\u00f6vetkez\u0151 szem\u00e9lyeknek: ICOM k\u00e1rty\u00e1val rendelkez\u0151k, munkan\u00e9lk\u00fcli szem\u00e9lyek<sup>2<\/sup>, PRESS (sajt\u00f3 \u00e9s m\u00e9dia) \u00e9s t\u00e1mogat\u00f3k<\/td>\n<td style=\"text-align: right; height: 24px;\"><strong>0,00 \u20ac<\/strong><\/td>\n<\/tr>\n<\/tbody>\n<\/table>\n<p><span style=\"font-size: 12px;\">1 &#8211; az \u00e1r szem\u00e9lyenk\u00e9nt \u00e9rtend\u0151<br \/>\n<\/span><span style=\"font-size: 12px;\">2 &#8211; Munkan\u00e9lk\u00fcli szem\u00e9lyek: Ingyenes bel\u00e9p\u00e9s munkan\u00e9lk\u00fcli szem\u00e9lyek sz\u00e1m\u00e1ra, amennyiben beb\u00edzonyitja munkan\u00e9lk\u00fcli st\u00e1tusz\u00e1t.<br \/>\n<\/span><span style=\"font-size: 12px;\">* Az \u00e1rak \u00c1FA nelk\u00fcl vannak felt\u00fcntetve (\u00c1FA-mentesek). A Gal\u00e9ria-M\u00fazeum Lendva k\u00f6zint\u00e9zm\u00e9ny nem ad\u00f3k\u00f6teles.<\/span><\/p>\n<hr \/>\n<h2><a id=\"sinagoga\"><\/a><strong>3. LENDVAI ZSINAG\u00d3GA<\/strong><\/h2>\n<table style=\"width: 100%; background-color: #ffffff;\" border=\"0\" cellpadding=\"5\">\n<tbody>\n<tr style=\"background-color: #caebd1;\">\n<td style=\"width: 69.8438%;\"><strong>Bel\u00e9p\u0151d\u00edjak a Lendvai Zsinag\u00f3g\u00e1ban<br \/>\n<\/strong><\/td>\n<td style=\"text-align: right; height: 24px; width: 30%;\"><strong>\u00c1rak EUR-ban*<\/strong><\/td>\n<\/tr>\n<tr>\n<td style=\"width: 69.8438%;\">Feln\u0151tt<sup>1<\/sup><\/td>\n<td style=\"text-align: right; height: 24px; width: 30%;\"><strong>2,50 \u20ac<\/strong><\/td>\n<\/tr>\n<tr style=\"background-color: #f3f3f3;\">\n<td style=\"width: 69.8438%;\">Nyugd\u00edjas<sup>1<\/sup><\/td>\n<td style=\"text-align: right; width: 30%;\"><strong>2,00 \u20ac<\/strong><\/td>\n<\/tr>\n<tr>\n<td style=\"width: 69.8438%;\">Gyerekek (7 \u00e9v felett), di\u00e1kok, egyetemist\u00e1k<sup>1<\/sup><\/td>\n<td style=\"text-align: right; height: 24px; width: 30%;\"><strong>1,00 \u20ac<\/strong><\/td>\n<\/tr>\n<tr style=\"background-color: #f3f3f3;\">\n<td style=\"width: 69.8438%;\">10 szem\u00e9ly feletti csoportok<sup>1<\/sup><\/td>\n<td style=\"text-align: right; height: 24px; width: 30%;\"><strong>2,00 \u20ac<\/strong><\/td>\n<\/tr>\n<tr>\n<td style=\"width: 69.8438%;\">Csoportoknak munkaid\u0151n k\u00edv\u00fcl<sup>1<\/sup><\/td>\n<td style=\"text-align: right; height: 24px; width: 30%;\"><strong>5,00 \u20ac<\/strong><\/td>\n<\/tr>\n<tr style=\"background-color: #f3f3f3;\">\n<td style=\"width: 69.8438%;\">Ingyenes bel\u00e9p\u00e9s a k\u00f6vetkez\u0151 szem\u00e9lyeknek: ICOM k\u00e1rty\u00e1val rendelkez\u0151k, munkan\u00e9lk\u00fcli szem\u00e9lyek<sup>2<\/sup>, PRESS (sajt\u00f3 \u00e9s m\u00e9dia) \u00e9s t\u00e1mogat\u00f3k<\/td>\n<td style=\"text-align: right; height: 24px; width: 30%;\"><strong>0,00 \u20ac<br \/>\n<\/strong><\/td>\n<\/tr>\n<\/tbody>\n<\/table>\n<p><span style=\"font-size: 12px;\">1 &#8211; az \u00e1r szem\u00e9lyenk\u00e9nt \u00e9rtend\u0151<br \/>\n<\/span><span style=\"font-size: 12px;\">2 &#8211; Munkan\u00e9lk\u00fcli szem\u00e9lyek: Ingyenes bel\u00e9p\u00e9s munkan\u00e9lk\u00fcli szem\u00e9lyek sz\u00e1m\u00e1ra, amennyiben beb\u00edzonyitja munkan\u00e9lk\u00fcli st\u00e1tusz\u00e1t.<br \/>\n<\/span><span style=\"font-size: 12px;\">* Az \u00e1rak \u00c1FA nelk\u00fcl vannak felt\u00fcntetve (\u00c1FA-mentesek). A Gal\u00e9ria-M\u00fazeum Lendva k\u00f6zint\u00e9zm\u00e9ny nem ad\u00f3k\u00f6teles.<\/span><\/p>\n<hr \/>\n<h2><strong>EGY\u00c9B SZOLG\u00c1LTAT\u00c1SAINK:<\/strong><\/h2>\n<table style=\"width: 100%; background-color: #ffffff;\" border=\"0\" cellpadding=\"5\">\n<tbody>\n<tr style=\"background-color: #caebd1;\">\n<td><strong>Egy\u00e9b szolg\u00e1ltat\u00e1saink<br \/>\n<\/strong><\/td>\n<td style=\"text-align: right; width: 35%;\"><strong>\u00c1rak EUR-ban*<\/strong><\/td>\n<\/tr>\n<tr>\n<td>A lendvai v\u00e1r gal\u00e9riahelyis\u00e9geinek a b\u00e9rbev\u00e9tele<\/td>\n<td style=\"text-align: right;\"><strong>100,00 \u20ac<\/strong><strong>\/\u00f3ra<\/strong><\/td>\n<\/tr>\n<tr style=\"background-color: #f3f3f3;\">\n<td>A lendvai v\u00e1r pincehelyis\u00e9geinek a b\u00e9rbev\u00e9tele<\/td>\n<td style=\"text-align: right;\"><strong>80,00 \u20ac\/\u00f3ra<\/strong><\/td>\n<\/tr>\n<tr>\n<td>A lendvai v\u00e1r konferenciahelyis\u00e9geinek a b\u00e9rbev\u00e9tele<\/td>\n<td style=\"text-align: right;\"><strong>50,00 \u20ac\/\u00f3ra<\/strong><\/td>\n<\/tr>\n<tr style=\"background-color: #f3f3f3;\">\n<td>M\u00fazeumpedag\u00f3giai foglalkoz\u00e1sok (a programt\u00f3l \u00e9s a felhaszn\u00e1lt anyagok f\u00fcggv\u00e9ny\u00e9ben)<\/td>\n<td style=\"text-align: right;\"><strong>3,00-5,00 \u20ac\/szem\u00e9ly<\/strong><\/td>\n<\/tr>\n<tr>\n<td>Iskolai csoportok r\u00e9sz\u00e9re t\u00f6rt\u00e9n\u0151 vezet\u00e9s a <em>lendvai v\u00e1rban<\/em>, a <em>zsinag\u00f3g\u00e1ban<\/em> vagy a <em>Polg\u00e1rs\u00e1g M\u00fazeum\u00e1ban<\/em> (max. 30 f\u0151ig)<\/td>\n<td style=\"text-align: right;\"><strong>1,50 \u20ac\/szem\u00e9ly<\/strong><\/td>\n<\/tr>\n<\/tbody>\n<\/table>\n<p><span style=\"font-size: 12px;\">* Az \u00e1rak \u00c1FA nelk\u00fcl vannak felt\u00fcntetve (\u00c1FA-mentesek). A Gal\u00e9ria-M\u00fazeum Lendva k\u00f6zint\u00e9zm\u00e9ny nem ad\u00f3k\u00f6teles.<\/span><\/p>\n<hr \/>\n<p><span style=\"font-size: 11px;\">Utols\u00f3 fr\u00edss\u00edt\u00e9s: 2019. 3. 19.<\/span><\/p>\n","protected":false},"excerpt":{"rendered":"<p>A GML \u00e1ltal \u00fczemeltetett \u00e9p\u00fcletek list\u00e1ja: Lendvai v\u00e1r Lendva polg\u00e1rosod\u00e1sa, nyomd\u00e1szata \u00e9s erny\u0151gy\u00e1rt\u00e1sa Lendvai Zsinag\u00f3ga 1. LENDVAI V\u00c1R Bel\u00e9p\u0151d\u00edjak a lendvai v\u00e1rban \u00c1rak EUR-ban* Hundertwasser &amp; Hasegawa \u00e9s Christo &amp; Jeanne Claude c\u00edm\u0171 ki\u00e1ll\u00edt\u00e1sok + \u00e1lland\u00f3 ki\u00e1ll\u00edt\u00e1sok: Feln\u0151tt1 6,00 \u20ac &hellip; <a href=\"https:\/\/www.gml.si\/hu\/az-intezetrol-belepodijak-es-arlistak-nagy-kiallitas\/\"><\/p>\n<p>B\u0151vebben <span class=\"meta-nav\">\u2192<\/span><\/a><\/p>\n","protected":false},"author":5,"featured_media":0,"parent":0,"menu_order":0,"comment_status":"closed","ping_status":"closed","template":"","meta":{"inline_featured_image":false,"footnotes":""},"class_list":["post-12268","page","type-page","status-publish","hentry"],"_links":{"self":[{"href":"https:\/\/www.gml.si\/hu\/wp-json\/wp\/v2\/pages\/12268","targetHints":{"allow":["GET"]}}],"collection":[{"href":"https:\/\/www.gml.si\/hu\/wp-json\/wp\/v2\/pages"}],"about":[{"href":"https:\/\/www.gml.si\/hu\/wp-json\/wp\/v2\/types\/page"}],"author":[{"embeddable":true,"href":"https:\/\/www.gml.si\/hu\/wp-json\/wp\/v2\/users\/5"}],"replies":[{"embeddable":true,"href":"https:\/\/www.gml.si\/hu\/wp-json\/wp\/v2\/comments?post=12268"}],"version-history":[{"count":0,"href":"https:\/\/www.gml.si\/hu\/wp-json\/wp\/v2\/pages\/12268\/revisions"}],"wp:attachment":[{"href":"https:\/\/www.gml.si\/hu\/wp-json\/wp\/v2\/media?parent=12268"}],"curies":[{"name":"wp","href":"https:\/\/api.w.org\/{rel}","templated":true}]}}