{"id":12271,"date":"2020-03-09T11:53:46","date_gmt":"2020-03-09T10:53:46","guid":{"rendered":"https:\/\/www.gml.si\/az-intezetrol-belepodijak-es-arlistak-2\/"},"modified":"2025-01-21T16:21:45","modified_gmt":"2025-01-21T15:21:45","slug":"az-intezetrol-belepodijak-es-arlistak-2","status":"publish","type":"page","link":"https:\/\/www.gml.si\/hu\/az-intezetrol-belepodijak-es-arlistak-2\/","title":{"rendered":"Az int\u00e9zetr\u0151l: BEL\u00c9P\u0150D\u00cdJAK \u00c9S \u00c1RLIST\u00c1K"},"content":{"rendered":"<table style=\"border-collapse: collapse; width: 100%;\">\n<tbody>\n<tr>\n<td style=\"background-color: #000000;\"><strong><span style=\"color: #ffffff;\">Bel\u00e9p\u0151d\u00edj a lendvai v\u00e1rba<br \/>\n<\/span><\/strong><\/td>\n<td style=\"background-color: #000000; text-align: right;\"><span style=\"color: #ffffff;\">\u00c1rak EUR-ban<\/span><\/td>\n<\/tr>\n<tr>\n<td style=\"width: 75.9375%;\">Feln\u0151tt<sup>1<\/sup><\/td>\n<td style=\"width: 23.9063%; text-align: right;\"><strong>7,00 \u20ac<\/strong><\/td>\n<\/tr>\n<tr>\n<td style=\"width: 75.9375%;\">Csoportok, 10 szem\u00e9ly felett<sup>1<\/sup><\/td>\n<td style=\"width: 23.9063%; text-align: right;\"><strong>6,00 \u20ac<\/strong><\/td>\n<\/tr>\n<tr>\n<td style=\"width: 75.9375%;\">Gyerekek (7 \u00e9v felett), di\u00e1kok, egyetemist\u00e1k<sup>1<\/sup><\/td>\n<td style=\"width: 23.9063%; text-align: right;\"><strong>3,00 \u20ac<\/strong><\/td>\n<\/tr>\n<tr>\n<td style=\"width: 75.9375%;\">Csoportoknak munkaid\u0151n k\u00edv\u00fcl<sup>1<\/sup><\/td>\n<td style=\"width: 23.9063%; text-align: right;\"><strong>9,00 \u20ac<\/strong><\/td>\n<\/tr>\n<tr>\n<td style=\"width: 75.9375%;\">Nyud\u00edjasok<sup>1<\/sup><\/td>\n<td style=\"width: 23.9063%; text-align: right;\"><strong>6,00 \u20ac<\/strong><\/td>\n<\/tr>\n<tr>\n<td style=\"width: 75.9375%;\">Ingyenes bel\u00e9p\u00e9s a k\u00f6vetkez\u0151 szem\u00e9lyeknek: <br \/>\nICOM k\u00e1rty\u00e1val rendelkez\u0151k, munkan\u00e9lk\u00fcli<sup>2<\/sup> szem\u00e9lyek, PRESS (sajt\u00f3 \u00e9s m\u00e9dia) \u00e9s t\u00e1mogat\u00f3k<\/td>\n<td style=\"width: 23.9063%; text-align: right;\"><strong>0,00 \u20ac<\/strong><\/td>\n<\/tr>\n<\/tbody>\n<\/table>\n<p><span style=\"font-size: 12px;\">\u00a0<\/span><\/p>\n<table style=\"border-collapse: collapse; width: 100%;\">\n<tbody>\n<tr>\n<td style=\"background-color: #000000; width: 79.2188%;\"><strong><span style=\"color: #ffffff;\">Bel\u00e9p\u0151d\u00edj a Lendvai Zsinag\u00f3g\u00e1ba (Als\u00f3 utca 5.)<br \/>\n<\/span><\/strong><\/td>\n<td style=\"text-align: right; background-color: #000000; width: 20.625%;\">\u00a0<\/td>\n<\/tr>\n<tr>\n<td style=\"width: 79.2188%;\">Feln\u0151tt<sup>1<\/sup><\/td>\n<td style=\"text-align: right; width: 20.625%;\"><strong>3,00 \u20ac<\/strong><\/td>\n<\/tr>\n<tr>\n<td style=\"width: 79.2188%;\">Csoportok, 10 szem\u00e9ly felett<sup>1<\/sup><\/td>\n<td style=\"text-align: right; width: 20.625%;\"><strong>2,50 \u20ac<\/strong><\/td>\n<\/tr>\n<tr>\n<td style=\"width: 79.2188%;\">Gyerekek (7 \u00e9v felett), di\u00e1kok, egyetemist\u00e1k<sup>1<\/sup><\/td>\n<td style=\"text-align: right; width: 20.625%;\"><strong>1,50 \u20ac<\/strong><\/td>\n<\/tr>\n<tr>\n<td style=\"width: 79.2188%;\">Csoportoknak munkaid\u0151n k\u00edv\u00fcl<sup>1<\/sup><\/td>\n<td style=\"text-align: right; width: 20.625%;\"><strong>5,50 \u20ac<\/strong><\/td>\n<\/tr>\n<tr>\n<td style=\"width: 79.2188%;\">Nyud\u00edjasok<sup>1<\/sup><\/td>\n<td style=\"text-align: right; width: 20.625%;\"><strong>2,50 \u20ac<\/strong><\/td>\n<\/tr>\n<tr>\n<td style=\"width: 79.2188%;\">Ingyenes bel\u00e9p\u00e9s a k\u00f6vetkez\u0151 szem\u00e9lyeknek: <br \/>\nICOM k\u00e1rty\u00e1val rendelkez\u0151k, munkan\u00e9lk\u00fcli<sup>2<\/sup> szem\u00e9lyek, PRESS (sajt\u00f3 \u00e9s m\u00e9dia) \u00e9s t\u00e1mogat\u00f3k<\/td>\n<td style=\"text-align: right; width: 20.625%;\"><strong>0,00 \u20ac<\/strong><\/td>\n<\/tr>\n<\/tbody>\n<\/table>\n<p>&nbsp;<\/p>\n<table style=\"width: 100%;\">\n<tbody>\n<tr>\n<td style=\"width: 75.4688%; background-color: #000000;\" colspan=\"2\"><strong><span style=\"color: #ffffff;\">Bel\u00e9p\u0151d\u00edj a Lendva polg\u00e1rosod\u00e1sa, nyomd\u00e1szata \u00e9s erny\u0151gy\u00e1rt\u00e1sa m\u00fazeumba (F\u0151 utca 52.)<\/span><\/strong><\/td>\n<\/tr>\n<tr>\n<td style=\"width: 75.4688%;\">Feln\u0151tt<sup>1<\/sup><\/td>\n<td style=\"width: 24.375%; text-align: right;\"><strong>3,00 \u20ac<\/strong><\/td>\n<\/tr>\n<tr>\n<td style=\"width: 75.4688%;\">Csoportok, 10 szem\u00e9ly felett<sup>1<\/sup><\/td>\n<td style=\"width: 24.375%; text-align: right;\"><strong>2,50 \u20ac<\/strong><\/td>\n<\/tr>\n<tr>\n<td style=\"width: 75.4688%;\">Gyerekek (7 \u00e9v felett), di\u00e1kok, egyetemist\u00e1k<sup>1<\/sup><\/td>\n<td style=\"width: 24.375%; text-align: right;\"><strong>1,50 \u20ac<\/strong><\/td>\n<\/tr>\n<tr>\n<td style=\"width: 75.4688%;\">Csoportoknak munkaid\u0151n k\u00edv\u00fcl<sup>1<\/sup><\/td>\n<td style=\"width: 24.375%; text-align: right;\"><strong>5,50 \u20ac<\/strong><\/td>\n<\/tr>\n<tr>\n<td style=\"width: 75.4688%;\">Nyud\u00edjasok<sup>1<\/sup><\/td>\n<td style=\"width: 24.375%; text-align: right;\"><strong>2,50 \u20ac<\/strong><\/td>\n<\/tr>\n<tr>\n<td style=\"width: 75.4688%;\">Ingyenes bel\u00e9p\u00e9s a k\u00f6vetkez\u0151 szem\u00e9lyeknek: <br \/>\nICOM k\u00e1rty\u00e1val rendelkez\u0151k, munkan\u00e9lk\u00fcli<sup>2<\/sup> szem\u00e9lyek, PRESS (sajt\u00f3 \u00e9s m\u00e9dia) \u00e9s t\u00e1mogat\u00f3k<\/td>\n<td style=\"width: 24.375%; text-align: right;\"><strong>0,00 \u20ac<\/strong><\/td>\n<\/tr>\n<\/tbody>\n<\/table>\n<p>&nbsp;<\/p>\n<table style=\"width: 100%;\">\n<tbody>\n<tr>\n<td style=\"background-color: #000000; width: 99.8438%;\" colspan=\"2\"><strong><span style=\"color: #ffffff;\">Kombin\u00e1lt\/\u00f6sszevont jegy\u00e1rak a legfontosabb ki\u00e1ll\u00edt\u00e1sok alatt<br \/>\n(v\u00e1r, zsinag\u00f3ga \u00e9s a Polg\u00e1rodos\u00e1s m\u00fazeuma):<\/span><\/strong><\/td>\n<\/tr>\n<tr>\n<td style=\"width: 81.25%;\">Feln\u0151tt<sup>1<\/sup><\/td>\n<td style=\"text-align: right; width: 18.5938%;\"><strong>11,00 \u20ac<\/strong><\/td>\n<\/tr>\n<tr>\n<td style=\"width: 81.25%;\">Csoportok, 10 szem\u00e9ly felett<sup>1<\/sup><\/td>\n<td style=\"text-align: right; width: 18.5938%;\"><strong>9,00 \u20ac<\/strong><\/td>\n<\/tr>\n<tr>\n<td style=\"width: 81.25%;\">Gyerekek (7 \u00e9v felett), di\u00e1kok, egyetemist\u00e1k<sup>1<\/sup><\/td>\n<td style=\"text-align: right; width: 18.5938%;\"><strong>4,00 \u20ac<\/strong><\/td>\n<\/tr>\n<tr>\n<td style=\"width: 81.25%;\">Csoportoknak munkaid\u0151n k\u00edv\u00fcl<sup>1<\/sup><\/td>\n<td style=\"text-align: right; width: 18.5938%;\"><strong>18,00 \u20ac<\/strong><\/td>\n<\/tr>\n<tr>\n<td style=\"width: 81.25%;\">Nyud\u00edjasok<sup>1<\/sup><\/td>\n<td style=\"text-align: right; width: 18.5938%;\"><strong>9,00 \u20ac<\/strong><\/td>\n<\/tr>\n<tr>\n<td style=\"width: 81.25%;\">Ingyenes bel\u00e9p\u00e9s a k\u00f6vetkez\u0151 szem\u00e9lyeknek: <br \/>\nICOM k\u00e1rty\u00e1val rendelkez\u0151k, munkan\u00e9lk\u00fcli<sup>2<\/sup> szem\u00e9lyek, PRESS (sajt\u00f3 \u00e9s m\u00e9dia) \u00e9s t\u00e1mogat\u00f3k<\/td>\n<td style=\"text-align: right; width: 18.5938%;\"><strong>0,00 \u20ac<\/strong><\/td>\n<\/tr>\n<\/tbody>\n<\/table>\n<p>&nbsp;<\/p>\n<table style=\"width: 100%;\">\n<tbody>\n<tr>\n<td style=\"width: 62.6564%; background-color: #000000;\"><strong><span style=\"color: #ffffff;\">Egy\u00e9b szolg\u00e1ltat\u00e1sok \u00e1rlist\u00e1ja:<\/span><\/strong><\/td>\n<td style=\"width: 37.1876%; background-color: #000000;\">\u00a0<\/td>\n<\/tr>\n<tr>\n<td style=\"width: 62.6564%;\">A zsinag\u00f3ga b\u00e9rbev\u00e9tele<\/td>\n<td style=\"width: 37.1876%; text-align: right;\"><strong>35,00 \u20ac\/\u00f3ra<\/strong><\/td>\n<\/tr>\n<tr>\n<td style=\"width: 62.6564%;\">A lendvai v\u00e1r gal\u00e9riahelyis\u00e9geinek a b\u00e9rbev\u00e9tele<\/td>\n<td style=\"width: 37.1876%; text-align: right;\"><strong>100,00 \u20ac\/\u00f3ra<\/strong><\/td>\n<\/tr>\n<tr>\n<td style=\"width: 62.6564%;\">A lendvai v\u00e1r pincehelyis\u00e9geinek a b\u00e9rbev\u00e9tele<\/td>\n<td style=\"width: 37.1876%; text-align: right;\"><strong>80,00 \u20ac\/\u00f3ra<\/strong><\/td>\n<\/tr>\n<tr>\n<td style=\"width: 62.6564%;\">A lendvai v\u00e1r konferenciahelyis\u00e9geinek a b\u00e9rbev\u00e9tele<\/td>\n<td style=\"width: 37.1876%; text-align: right;\"><strong>50,00 \u20ac\/\u00f3ra<\/strong><\/td>\n<\/tr>\n<tr>\n<td style=\"width: 62.6564%;\">M\u00fazeumpedag\u00f3giai foglalkoz\u00e1sok (a programt\u00f3l \u00e9s a felhaszn\u00e1lt anyagok f\u00fcggv\u00e9ny\u00e9ben)<\/td>\n<td style=\"width: 37.1876%; text-align: right;\"><strong>3,00\u20135,00 \u20ac\/szem\u00e9ly<\/strong><\/td>\n<\/tr>\n<tr>\n<td style=\"width: 62.6564%;\">Iskolai csoportok r\u00e9sz\u00e9re t\u00f6rt\u00e9n\u0151 vezet\u00e9s a <em>lendvai v\u00e1rban<\/em>, a <em>zsinag\u00f3g\u00e1ban<\/em> vagy a <em>Polg\u00e1rs\u00e1g M\u00fazeum\u00e1ban<\/em> (max. 30 f\u0151ig, el\u0151zetes megbesz\u00e9l\u00e9s alapj\u00e1n)<\/td>\n<td style=\"width: 37.1876%; text-align: right;\"><strong>1,50 \u20ac\/szem\u00e9ly<\/strong><\/td>\n<\/tr>\n<\/tbody>\n<\/table>\n<p><span style=\"font-size: 12px;\">1 &#8211; az \u00e1r szem\u00e9lyenk\u00e9nt \u00e9rtend\u0151<br \/>\n<\/span><span style=\"font-size: 12px;\">2 &#8211; Munkan\u00e9lk\u00fcli szem\u00e9lyek: Ingyenes bel\u00e9p\u00e9s munkan\u00e9lk\u00fcli szem\u00e9lyek sz\u00e1m\u00e1ra, amennyiben bebizony\u00edtja munkan\u00e9lk\u00fcli st\u00e1tusz\u00e1t.<\/span><\/p>\n<ul>\n<li><span style=\"font-size: 12px;\">Minden gyermek 7 \u00e9ves korig ingyenes jegyet kap.<\/span><\/li>\n<li><span style=\"font-size: 12px;\">Lendv\u00e1r\u00f3l \u00e9rkez\u0151 \u00e1ltal\u00e1nos \u00e9s k\u00f6z\u00e9piskol\u00e1s csoportoknak, valamint a k\u00eds\u00e9r\u0151 tan\u00e1roknak ingyenesen a bel\u00e9p\u00e9s.<\/span><\/li>\n<li><span style=\"font-size: 12px;\">Az ICOM- \u00e9s PRESS-k\u00e1rty\u00e1val rendelkez\u0151k, a GML VIP (VIP) jegytulajdonosok, a szoci\u00e1lis seg\u00e9lyt igazol\u00f3 munkan\u00e9lk\u00fcliek, az \u00e9rv\u00e9nyes szem\u00e9lyi igazolv\u00e1nnyal rendelkez\u0151 m\u0171v\u00e9szeti \u00e9s m\u00fazeumi hallgat\u00f3k, valamint a GML igazgat\u00f3j\u00e1val t\u00f6rt\u00e9nt egyeztet\u00e9s alapj\u00e1n m\u00e1s vend\u00e9gek sz\u00e1m\u00e1ra a bel\u00e9p\u0151d\u00edjat nem kell fizetni.<\/span><\/li>\n<\/ul>\n<hr \/>\n<p><b>Az \u00e1rak \u00c1FA nelk\u00fcl vannak felt\u00fcntetve (\u00c1FA-mentesek). A Gal\u00e9ria-M\u00fazeum Lendva k\u00f6zint\u00e9zm\u00e9ny nem ad\u00f3k\u00f6teles.<\/b><\/p>\n<hr \/>\n<p><span style=\"font-size: 11px;\">Utols\u00f3 fr\u00edss\u00edt\u00e9s: 2025. 1. 21.<\/span><\/p>\n","protected":false},"excerpt":{"rendered":"<p>Bel\u00e9p\u0151d\u00edj a lendvai v\u00e1rba \u00c1rak EUR-ban Feln\u0151tt1 7,00 \u20ac Csoportok, 10 szem\u00e9ly felett1 6,00 \u20ac Gyerekek (7 \u00e9v felett), di\u00e1kok, egyetemist\u00e1k1 3,00 \u20ac Csoportoknak munkaid\u0151n k\u00edv\u00fcl1 9,00 \u20ac Nyud\u00edjasok1 6,00 \u20ac Ingyenes bel\u00e9p\u00e9s a k\u00f6vetkez\u0151 szem\u00e9lyeknek: ICOM k\u00e1rty\u00e1val rendelkez\u0151k, munkan\u00e9lk\u00fcli2 &hellip; <a href=\"https:\/\/www.gml.si\/hu\/az-intezetrol-belepodijak-es-arlistak-2\/\"><\/p>\n<p>B\u0151vebben <span class=\"meta-nav\">\u2192<\/span><\/a><\/p>\n","protected":false},"author":5,"featured_media":0,"parent":0,"menu_order":0,"comment_status":"closed","ping_status":"closed","template":"","meta":{"inline_featured_image":false,"footnotes":""},"class_list":["post-12271","page","type-page","status-publish","hentry"],"_links":{"self":[{"href":"https:\/\/www.gml.si\/hu\/wp-json\/wp\/v2\/pages\/12271","targetHints":{"allow":["GET"]}}],"collection":[{"href":"https:\/\/www.gml.si\/hu\/wp-json\/wp\/v2\/pages"}],"about":[{"href":"https:\/\/www.gml.si\/hu\/wp-json\/wp\/v2\/types\/page"}],"author":[{"embeddable":true,"href":"https:\/\/www.gml.si\/hu\/wp-json\/wp\/v2\/users\/5"}],"replies":[{"embeddable":true,"href":"https:\/\/www.gml.si\/hu\/wp-json\/wp\/v2\/comments?post=12271"}],"version-history":[{"count":9,"href":"https:\/\/www.gml.si\/hu\/wp-json\/wp\/v2\/pages\/12271\/revisions"}],"predecessor-version":[{"id":18464,"href":"https:\/\/www.gml.si\/hu\/wp-json\/wp\/v2\/pages\/12271\/revisions\/18464"}],"wp:attachment":[{"href":"https:\/\/www.gml.si\/hu\/wp-json\/wp\/v2\/media?parent=12271"}],"curies":[{"name":"wp","href":"https:\/\/api.w.org\/{rel}","templated":true}]}}