{"id":14765,"date":"2022-04-22T09:18:49","date_gmt":"2022-04-22T07:18:49","guid":{"rendered":"https:\/\/www.gml.si\/?page_id=14765"},"modified":"2022-04-22T10:16:46","modified_gmt":"2022-04-22T08:16:46","slug":"allando-kiallitas-lendva-videk-neprajzi-oroksege","status":"publish","type":"page","link":"https:\/\/www.gml.si\/hu\/allando-kiallitas-lendva-videk-neprajzi-oroksege\/","title":{"rendered":"\u00c1LLAND\u00d3 KI\u00c1LL\u00cdT\u00c1S: Lendva-vid\u00e9k n\u00e9prajzi \u00f6r\u00f6ks\u00e9ge"},"content":{"rendered":"<p><em>A ki\u00e1ll\u00edt\u00e1s a t\u00f6rt\u00e9neti Lendva-vid\u00e9k n\u00e9prajzi \u00f6r\u00f6ks\u00e9g\u00e9t mutatja be a 19. sz\u00e1zadt\u00f3l a 20. sz\u00e1zad k\u00f6zep\u00e9ig.<\/em><\/p>\n<p><a href=\"https:\/\/www.gml.si\/wp-content\/uploads\/2022\/04\/GML_etno_2022_3.jpg\" data-lbwps-width=\"1873\" data-lbwps-height=\"1080\" data-lbwps-srcsmall=\"https:\/\/www.gml.si\/wp-content\/uploads\/2022\/04\/GML_etno_2022_3-500x288.jpg\"><img loading=\"lazy\" decoding=\"async\" class=\"alignnone size-large wp-image-14771\" src=\"https:\/\/www.gml.si\/wp-content\/uploads\/2022\/04\/GML_etno_2022_3-1024x590.jpg\" alt=\"\" width=\"1024\" height=\"590\" srcset=\"https:\/\/www.gml.si\/wp-content\/uploads\/2022\/04\/GML_etno_2022_3-1024x590.jpg 1024w, https:\/\/www.gml.si\/wp-content\/uploads\/2022\/04\/GML_etno_2022_3-500x288.jpg 500w, https:\/\/www.gml.si\/wp-content\/uploads\/2022\/04\/GML_etno_2022_3.jpg 1873w\" sizes=\"auto, (max-width: 1024px) 100vw, 1024px\" \/><\/a><\/p>\n<p>A vid\u00e9k paraszti t\u00e1rsadalm\u00e1nak legfontosabb tev\u00e9kenys\u00e9geit, azaz a mez\u0151gazdas\u00e1got, \u00e1llatart\u00e1st \u00e9s a mesters\u00e9geket egy-egy jellegzetes t\u00e1rgy reprezent\u00e1lja.<\/p>\n<p>A ki\u00e1ll\u00edt\u00e1sban megk\u00fcl\u00f6nb\u00f6ztetett helyet kapott a vid\u00e9k fazekass\u00e1g\u00e1nak bemutat\u00e1sa, amelynek az egyik jellegzetes term\u00e9ke az \u00fagynevezett fekete ker\u00e1mia volt. Lendva-vid\u00e9k n\u00e9pi textilkult\u00far\u00e1j\u00e1t \u00e9s vall\u00e1si \u00f6r\u00f6ks\u00e9g\u00e9nek jellegzetess\u00e9geit \u00f6nall\u00f3 ki\u00e1ll\u00edt\u00e1si r\u00e9szlegben ismertetj\u00fck.<\/p>\n<hr \/>\n<h2>F\u00c9NYK\u00c9PEK A KI\u00c1LL\u00cdT\u00c1SR\u00d3L<\/h2>\n<div id='gallery-1' class='gallery galleryid-14765 gallery-columns-4 gallery-size-thumbnail'><dl class='gallery-item'>\n\t\t\t<dt class='gallery-icon portrait'>\n\t\t\t\t<a href='https:\/\/www.gml.si\/wp-content\/uploads\/2022\/04\/GML_etno_2022_1.jpg'><img loading=\"lazy\" decoding=\"async\" width=\"120\" height=\"120\" src=\"https:\/\/www.gml.si\/wp-content\/uploads\/2022\/04\/GML_etno_2022_1-120x120.jpg\" class=\"attachment-thumbnail size-thumbnail\" alt=\"\" \/><\/a>\n\t\t\t<\/dt><\/dl><dl class='gallery-item'>\n\t\t\t<dt class='gallery-icon landscape'>\n\t\t\t\t<a href='https:\/\/www.gml.si\/wp-content\/uploads\/2022\/04\/GML_etno_2022_2.jpg'><img loading=\"lazy\" decoding=\"async\" width=\"120\" height=\"120\" src=\"https:\/\/www.gml.si\/wp-content\/uploads\/2022\/04\/GML_etno_2022_2-120x120.jpg\" class=\"attachment-thumbnail size-thumbnail\" alt=\"\" \/><\/a>\n\t\t\t<\/dt><\/dl><dl class='gallery-item'>\n\t\t\t<dt class='gallery-icon portrait'>\n\t\t\t\t<a href='https:\/\/www.gml.si\/wp-content\/uploads\/2022\/04\/GML_etno_2022_4.jpg'><img loading=\"lazy\" decoding=\"async\" width=\"120\" height=\"120\" src=\"https:\/\/www.gml.si\/wp-content\/uploads\/2022\/04\/GML_etno_2022_4-120x120.jpg\" class=\"attachment-thumbnail size-thumbnail\" alt=\"\" \/><\/a>\n\t\t\t<\/dt><\/dl><dl class='gallery-item'>\n\t\t\t<dt class='gallery-icon portrait'>\n\t\t\t\t<a href='https:\/\/www.gml.si\/wp-content\/uploads\/2022\/04\/GML_etno_2022_5.jpg'><img loading=\"lazy\" decoding=\"async\" width=\"120\" height=\"120\" src=\"https:\/\/www.gml.si\/wp-content\/uploads\/2022\/04\/GML_etno_2022_5-120x120.jpg\" class=\"attachment-thumbnail size-thumbnail\" alt=\"\" \/><\/a>\n\t\t\t<\/dt><\/dl><br style=\"clear: both\" \/><dl class='gallery-item'>\n\t\t\t<dt class='gallery-icon landscape'>\n\t\t\t\t<a href='https:\/\/www.gml.si\/wp-content\/uploads\/2022\/04\/GML_etno_2022_6.jpg'><img loading=\"lazy\" decoding=\"async\" width=\"120\" height=\"120\" src=\"https:\/\/www.gml.si\/wp-content\/uploads\/2022\/04\/GML_etno_2022_6-120x120.jpg\" class=\"attachment-thumbnail size-thumbnail\" alt=\"\" \/><\/a>\n\t\t\t<\/dt><\/dl><dl class='gallery-item'>\n\t\t\t<dt class='gallery-icon landscape'>\n\t\t\t\t<a href='https:\/\/www.gml.si\/wp-content\/uploads\/2022\/04\/GML_etno_2022_7.jpg'><img loading=\"lazy\" decoding=\"async\" width=\"120\" height=\"120\" src=\"https:\/\/www.gml.si\/wp-content\/uploads\/2022\/04\/GML_etno_2022_7-120x120.jpg\" class=\"attachment-thumbnail size-thumbnail\" alt=\"\" \/><\/a>\n\t\t\t<\/dt><\/dl>\n\t\t\t<br style='clear: both' \/>\n\t\t<\/div>\n\n<hr \/>\n<h2>IMPRESSZUM<\/h2>\n<p><a href=\"https:\/\/www.gml.si\/wp-content\/uploads\/2022\/04\/tablo_impresszum_ETNO_2022.jpg\" data-lbwps-width=\"1000\" data-lbwps-height=\"2143\" data-lbwps-srcsmall=\"https:\/\/www.gml.si\/wp-content\/uploads\/2022\/04\/tablo_impresszum_ETNO_2022-233x500.jpg\"><img loading=\"lazy\" decoding=\"async\" class=\"alignnone wp-image-14799 size-full\" src=\"https:\/\/www.gml.si\/wp-content\/uploads\/2022\/04\/tablo_impresszum_ETNO_2022.jpg\" alt=\"\" width=\"1000\" height=\"2143\" srcset=\"https:\/\/www.gml.si\/wp-content\/uploads\/2022\/04\/tablo_impresszum_ETNO_2022.jpg 1000w, https:\/\/www.gml.si\/wp-content\/uploads\/2022\/04\/tablo_impresszum_ETNO_2022-233x500.jpg 233w, https:\/\/www.gml.si\/wp-content\/uploads\/2022\/04\/tablo_impresszum_ETNO_2022-478x1024.jpg 478w\" sizes=\"auto, (max-width: 1000px) 100vw, 1000px\" \/><\/a><\/p>\n<p>LENDVA-VID\u00c9K N\u00c9PRAJZI \u00d6R\u00d6KS\u00c9GE<\/p>\n<p><strong>Az \u00e1lland\u00f3 ki\u00e1ll\u00edt\u00e1s szaksz\u00f6veg\u00e9t \u00edrt\u00e1k \u00e9s a ki\u00e1ll\u00edt\u00e1st rendezt\u00e9k:<\/strong><\/p>\n<p>KEP\u00c9N\u00c9 Dr. BIHAR M\u00e1ria PhD<br \/>\nn\u00e9prajzkutat\u00f3<\/p>\n<p>Dr. LENDVAI KEPE Zolt\u00e1n PhD<br \/>\nn\u00e9prajzkutat\u00f3, f\u0151muzeol\u00f3gus<\/p>\n<p><strong>A ki\u00e1ll\u00edt\u00e1s megval\u00f3s\u00edt\u00e1s\u00e1ban k\u00f6zrem\u0171k\u00f6dtek:<\/strong><br \/>\nBAUMGARTNER Dubravko <br \/>\nFERLETI\u010c Marta <br \/>\nHORVAT Robert <br \/>\nLEBAR Karmen <br \/>\nPISNJAK Atilla <br \/>\n\u0160ERNEK Marta <br \/>\nVIDA Annamarija<\/p>\n<p><strong>A ki\u00e1ll\u00edt\u00e1s l\u00e9trej\u00f6tt\u00e9t t\u00e1mogatt\u00e1k:<\/strong><\/p>\n<p>Bethlen G\u00e1bor Alapkezel\u0151 Zrt.<\/p>\n<p>Mad\u017earska samoupravna narodna skupnost Ob\u010dine Lendava<br \/>\nLendva K\u00f6zs\u00e9gi Magyar Nemzeti \u00d6nkorm\u00e1nyzati K\u00f6z\u00f6ss\u00e9g<\/p>\n<p>Ministrstvo za kulturo Republike Slovenije<\/p>\n<p>Ob\u010dina Lendava <br \/>\nLendva K\u00f6zs\u00e9g<\/p>\n<hr \/>\n<p>Mell\u00e9klet:<br \/>\n[wp-svg-icons icon=&#8221;file-pdf&#8221; wrap=&#8221;i&#8221;] <a href=\"https:\/\/www.gml.si\/wp-content\/uploads\/2022\/04\/2022-04.Kolofon-ETNO.pdf\">2022-04.Kolofon ETNO<\/a> (pdf, 2 MB)<\/p>\n","protected":false},"excerpt":{"rendered":"<p>A ki\u00e1ll\u00edt\u00e1s a t\u00f6rt\u00e9neti Lendva-vid\u00e9k n\u00e9prajzi \u00f6r\u00f6ks\u00e9g\u00e9t mutatja be a 19. sz\u00e1zadt\u00f3l a 20. sz\u00e1zad k\u00f6zep\u00e9ig. A vid\u00e9k paraszti t\u00e1rsadalm\u00e1nak legfontosabb tev\u00e9kenys\u00e9geit, azaz a mez\u0151gazdas\u00e1got, \u00e1llatart\u00e1st \u00e9s a mesters\u00e9geket egy-egy jellegzetes t\u00e1rgy reprezent\u00e1lja. A ki\u00e1ll\u00edt\u00e1sban megk\u00fcl\u00f6nb\u00f6ztetett helyet kapott a vid\u00e9k &hellip; <a href=\"https:\/\/www.gml.si\/hu\/allando-kiallitas-lendva-videk-neprajzi-oroksege\/\"><\/p>\n<p>B\u0151vebben <span class=\"meta-nav\">\u2192<\/span><\/a><\/p>\n","protected":false},"author":5,"featured_media":0,"parent":0,"menu_order":0,"comment_status":"closed","ping_status":"closed","template":"","meta":{"inline_featured_image":false,"footnotes":""},"class_list":["post-14765","page","type-page","status-publish","hentry"],"_links":{"self":[{"href":"https:\/\/www.gml.si\/hu\/wp-json\/wp\/v2\/pages\/14765","targetHints":{"allow":["GET"]}}],"collection":[{"href":"https:\/\/www.gml.si\/hu\/wp-json\/wp\/v2\/pages"}],"about":[{"href":"https:\/\/www.gml.si\/hu\/wp-json\/wp\/v2\/types\/page"}],"author":[{"embeddable":true,"href":"https:\/\/www.gml.si\/hu\/wp-json\/wp\/v2\/users\/5"}],"replies":[{"embeddable":true,"href":"https:\/\/www.gml.si\/hu\/wp-json\/wp\/v2\/comments?post=14765"}],"version-history":[{"count":0,"href":"https:\/\/www.gml.si\/hu\/wp-json\/wp\/v2\/pages\/14765\/revisions"}],"wp:attachment":[{"href":"https:\/\/www.gml.si\/hu\/wp-json\/wp\/v2\/media?parent=14765"}],"curies":[{"name":"wp","href":"https:\/\/api.w.org\/{rel}","templated":true}]}}